{"id":16185,"date":"2025-11-19T14:41:09","date_gmt":"2025-11-19T14:41:09","guid":{"rendered":"https:\/\/ci.dontmove.net\/?post_type=product&#038;p=16185"},"modified":"2025-11-20T10:37:11","modified_gmt":"2025-11-20T10:37:11","slug":"enceinte-disco-bluetooth-5-w-avec-led-6-couleurs-telecommande-incluse","status":"publish","type":"product","link":"https:\/\/ci.dontmove.net\/fr\/produit\/enceinte-disco-bluetooth-5-w-avec-led-6-couleurs-telecommande-incluse\/","title":{"rendered":"Enceinte Disco Bluetooth 5 W avec LED 6 couleurs \u2013 T\u00e9l\u00e9commande incluse"},"content":{"rendered":"<p data-start=\"461\" data-end=\"900\">Laissez la f\u00eate prendre vie partout avec cette <strong data-start=\"552\" data-end=\"585\">Enceinte Disco (r\u00e9f. 3011799)<\/strong> d\u2019Action. Gr\u00e2ce \u00e0 sa <strong data-start=\"607\" data-end=\"633\">connectivit\u00e9 Bluetooth<\/strong>, vous pouvez connecter votre smartphone et d\u00e9clencher votre playlist pr\u00e9f\u00e9r\u00e9e en quelques secondes. L\u2019enceinte est \u00e9quip\u00e9e d\u2019un \u00e9clairage <strong data-start=\"772\" data-end=\"798\">LED disco \u00e0 6 couleurs<\/strong>, pour une ambiance visuelle qui suit le rythme de la musique.<\/p>\n<p data-start=\"902\" data-end=\"1244\">Avec une <strong data-start=\"911\" data-end=\"945\">autonomie d\u2019environ 3,5 heures<\/strong>, cette petite enceinte vous accompagne sur votre terrasse, dans votre chambre ou lors de vos soir\u00e9es improvis\u00e9es. \u00a0Une t\u00e9l\u00e9commande incluse vous permet de contr\u00f4ler \u00e0 la fois la musique et les effets lumineux sans bouger.<\/p>\n<p data-start=\"1246\" data-end=\"1568\">Quand la batterie est \u00e9puis\u00e9e, la recharge compl\u00e8te prend environ <strong data-start=\"1312\" data-end=\"1326\">5,5 heures<\/strong> via son port <strong data-start=\"1340\" data-end=\"1349\">USB-C<\/strong>. Malgr\u00e9 sa puissance de seulement <strong data-start=\"1422\" data-end=\"1429\">5 W<\/strong>, l\u2019enceinte offre un son suffisant pour une ambiance festive.<\/p>\n","protected":false},"excerpt":{"rendered":"<p>Mini enceinte disco 5 W Bluetooth avec lumi\u00e8re LED \u00e0 6 couleurs, t\u00e9l\u00e9commande, autonomie 3,5 h, recharge via USB-C.<\/p>\n","protected":false},"featured_media":16220,"comment_status":"open","ping_status":"closed","template":"","meta":[],"product_cat":[1005,254,980],"product_tag":[6392,6741,6748,6746,6745,6744,6747,6743,6742,6749],"class_list":{"0":"post-16185","1":"product","2":"type-product","3":"status-publish","4":"has-post-thumbnail","6":"product_cat-baffle-enceinte","7":"product_cat-ordinateur-technologie","8":"product_cat-peripherique-accessoire","9":"product_tag-enceinte-de-fete-compacte","10":"product_tag-enceinte-disco-bluetooth","11":"product_tag-enceinte-disco-pas-cher","12":"product_tag-enceinte-led-6-couleurs","13":"product_tag-enceinte-lumiere-disco-action","14":"product_tag-enceinte-party-bluetooth-usb-c","15":"product_tag-enceinte-portable-pour-soiree","16":"product_tag-haut-parleur-fete-disco","17":"product_tag-mini-disco-speaker-led","18":"product_tag-speaker-bluetooth-avec-telecommande","20":"first","21":"instock","22":"shipping-taxable","23":"purchasable","24":"product-type-simple","25":"col-xs-6 col-sm-4","26":"col-md-3 col-lg-3","27":"un-4-cols"},"yoast_head":"<!-- This site is optimized with the Yoast SEO plugin v27.4 - https:\/\/yoast.com\/product\/yoast-seo-wordpress\/ -->\n<title>Enceinte Disco Bluetooth 5 W avec LED 6 couleurs \u2013 T\u00e9l\u00e9commande incluse - DontMove MarketPlace<\/title>\n<meta name=\"description\" content=\"Sur Don\u2019tMove.net : enceinte disco Bluetooth 5 W avec LED multicolore, t\u00e9l\u00e9commande, autonomie 3,5h et recharge USB-C \u2014 id\u00e9ale pour vos soir\u00e9es.\" \/>\n<meta name=\"robots\" content=\"index, follow, max-snippet:-1, max-image-preview:large, max-video-preview:-1\" \/>\n<link rel=\"canonical\" href=\"https:\/\/ci.dontmove.net\/fr\/produit\/enceinte-disco-bluetooth-5-w-avec-led-6-couleurs-telecommande-incluse\/\" \/>\n<meta property=\"og:locale\" content=\"fr_FR\" \/>\n<meta property=\"og:type\" content=\"article\" \/>\n<meta property=\"og:title\" content=\"Enceinte Disco Bluetooth 5 W avec LED 6 couleurs \u2013 T\u00e9l\u00e9commande incluse - DontMove MarketPlace\" \/>\n<meta property=\"og:description\" content=\"Sur Don\u2019tMove.net : enceinte disco Bluetooth 5 W avec LED multicolore, t\u00e9l\u00e9commande, autonomie 3,5h et recharge USB-C \u2014 id\u00e9ale pour vos soir\u00e9es.\" \/>\n<meta property=\"og:url\" content=\"https:\/\/ci.dontmove.net\/fr\/produit\/enceinte-disco-bluetooth-5-w-avec-led-6-couleurs-telecommande-incluse\/\" \/>\n<meta property=\"og:site_name\" content=\"DontMove MarketPlace\" \/>\n<meta property=\"article:publisher\" content=\"https:\/\/www.facebook.com\/fullit225\/\" \/>\n<meta property=\"article:modified_time\" content=\"2025-11-20T10:37:11+00:00\" \/>\n<meta property=\"og:image\" content=\"https:\/\/ci.dontmove.net\/wp-content\/uploads\/2025\/11\/2-105.jpg\" \/>\n\t<meta property=\"og:image:width\" content=\"800\" \/>\n\t<meta property=\"og:image:height\" content=\"800\" \/>\n\t<meta property=\"og:image:type\" content=\"image\/jpeg\" \/>\n<meta name=\"twitter:card\" content=\"summary_large_image\" \/>\n<meta name=\"twitter:label1\" content=\"Dur\u00e9e de lecture estim\u00e9e\" \/>\n\t<meta name=\"twitter:data1\" content=\"1 minute\" \/>\n<script type=\"application\/ld+json\" class=\"yoast-schema-graph\">{\"@context\":\"https:\\\/\\\/schema.org\",\"@graph\":[{\"@type\":\"WebPage\",\"@id\":\"https:\\\/\\\/ci.dontmove.net\\\/fr\\\/produit\\\/enceinte-disco-bluetooth-5-w-avec-led-6-couleurs-telecommande-incluse\\\/\",\"url\":\"https:\\\/\\\/ci.dontmove.net\\\/fr\\\/produit\\\/enceinte-disco-bluetooth-5-w-avec-led-6-couleurs-telecommande-incluse\\\/\",\"name\":\"Enceinte Disco Bluetooth 5 W avec LED 6 couleurs \u2013 T\u00e9l\u00e9commande incluse - DontMove MarketPlace\",\"isPartOf\":{\"@id\":\"https:\\\/\\\/ci.dontmove.net\\\/fr\\\/#website\"},\"primaryImageOfPage\":{\"@id\":\"https:\\\/\\\/ci.dontmove.net\\\/fr\\\/produit\\\/enceinte-disco-bluetooth-5-w-avec-led-6-couleurs-telecommande-incluse\\\/#primaryimage\"},\"image\":{\"@id\":\"https:\\\/\\\/ci.dontmove.net\\\/fr\\\/produit\\\/enceinte-disco-bluetooth-5-w-avec-led-6-couleurs-telecommande-incluse\\\/#primaryimage\"},\"thumbnailUrl\":\"https:\\\/\\\/ci.dontmove.net\\\/wp-content\\\/uploads\\\/2025\\\/11\\\/2-105.jpg\",\"datePublished\":\"2025-11-19T14:41:09+00:00\",\"dateModified\":\"2025-11-20T10:37:11+00:00\",\"description\":\"Sur Don\u2019tMove.net : enceinte disco Bluetooth 5 W avec LED multicolore, t\u00e9l\u00e9commande, autonomie 3,5h et recharge USB-C \u2014 id\u00e9ale pour vos soir\u00e9es.\",\"breadcrumb\":{\"@id\":\"https:\\\/\\\/ci.dontmove.net\\\/fr\\\/produit\\\/enceinte-disco-bluetooth-5-w-avec-led-6-couleurs-telecommande-incluse\\\/#breadcrumb\"},\"inLanguage\":\"fr-FR\",\"potentialAction\":[{\"@type\":\"ReadAction\",\"target\":[\"https:\\\/\\\/ci.dontmove.net\\\/fr\\\/produit\\\/enceinte-disco-bluetooth-5-w-avec-led-6-couleurs-telecommande-incluse\\\/\"]}]},{\"@type\":\"ImageObject\",\"inLanguage\":\"fr-FR\",\"@id\":\"https:\\\/\\\/ci.dontmove.net\\\/fr\\\/produit\\\/enceinte-disco-bluetooth-5-w-avec-led-6-couleurs-telecommande-incluse\\\/#primaryimage\",\"url\":\"https:\\\/\\\/ci.dontmove.net\\\/wp-content\\\/uploads\\\/2025\\\/11\\\/2-105.jpg\",\"contentUrl\":\"https:\\\/\\\/ci.dontmove.net\\\/wp-content\\\/uploads\\\/2025\\\/11\\\/2-105.jpg\",\"width\":800,\"height\":800},{\"@type\":\"BreadcrumbList\",\"@id\":\"https:\\\/\\\/ci.dontmove.net\\\/fr\\\/produit\\\/enceinte-disco-bluetooth-5-w-avec-led-6-couleurs-telecommande-incluse\\\/#breadcrumb\",\"itemListElement\":[{\"@type\":\"ListItem\",\"position\":1,\"name\":\"Nos Boutiques\",\"item\":\"https:\\\/\\\/ci.dontmove.net\\\/fr\\\/nos-boutiques\\\/\"},{\"@type\":\"ListItem\",\"position\":2,\"name\":\"Enceinte Disco Bluetooth 5 W avec LED 6 couleurs \u2013 T\u00e9l\u00e9commande incluse\"}]},{\"@type\":\"WebSite\",\"@id\":\"https:\\\/\\\/ci.dontmove.net\\\/fr\\\/#website\",\"url\":\"https:\\\/\\\/ci.dontmove.net\\\/fr\\\/\",\"name\":\"DontMove MarketPlace\",\"description\":\"Achat &amp; Vente en Ligne Partout en C\u00f4te d&#039;Ivoire\",\"publisher\":{\"@id\":\"https:\\\/\\\/ci.dontmove.net\\\/fr\\\/#organization\"},\"alternateName\":\"DM Market CI\",\"potentialAction\":[{\"@type\":\"SearchAction\",\"target\":{\"@type\":\"EntryPoint\",\"urlTemplate\":\"https:\\\/\\\/ci.dontmove.net\\\/fr\\\/?s={search_term_string}\"},\"query-input\":{\"@type\":\"PropertyValueSpecification\",\"valueRequired\":true,\"valueName\":\"search_term_string\"}}],\"inLanguage\":\"fr-FR\"},{\"@type\":\"Organization\",\"@id\":\"https:\\\/\\\/ci.dontmove.net\\\/fr\\\/#organization\",\"name\":\"Full Information Technologies\",\"alternateName\":\"Full IT\",\"url\":\"https:\\\/\\\/ci.dontmove.net\\\/fr\\\/\",\"logo\":{\"@type\":\"ImageObject\",\"inLanguage\":\"fr-FR\",\"@id\":\"https:\\\/\\\/ci.dontmove.net\\\/fr\\\/#\\\/schema\\\/logo\\\/image\\\/\",\"url\":\"https:\\\/\\\/ci.dontmove.net\\\/wp-content\\\/uploads\\\/2023\\\/11\\\/Logo_Full_IT.jpg\",\"contentUrl\":\"https:\\\/\\\/ci.dontmove.net\\\/wp-content\\\/uploads\\\/2023\\\/11\\\/Logo_Full_IT.jpg\",\"width\":512,\"height\":512,\"caption\":\"Full Information Technologies\"},\"image\":{\"@id\":\"https:\\\/\\\/ci.dontmove.net\\\/fr\\\/#\\\/schema\\\/logo\\\/image\\\/\"},\"sameAs\":[\"https:\\\/\\\/www.facebook.com\\\/fullit225\\\/\"]}]}<\/script>\n<!-- \/ Yoast SEO plugin. -->","yoast_head_json":{"title":"Enceinte Disco Bluetooth 5 W avec LED 6 couleurs \u2013 T\u00e9l\u00e9commande incluse - DontMove MarketPlace","description":"Sur Don\u2019tMove.net : enceinte disco Bluetooth 5 W avec LED multicolore, t\u00e9l\u00e9commande, autonomie 3,5h et recharge USB-C \u2014 id\u00e9ale pour vos soir\u00e9es.","robots":{"index":"index","follow":"follow","max-snippet":"max-snippet:-1","max-image-preview":"max-image-preview:large","max-video-preview":"max-video-preview:-1"},"canonical":"https:\/\/ci.dontmove.net\/fr\/produit\/enceinte-disco-bluetooth-5-w-avec-led-6-couleurs-telecommande-incluse\/","og_locale":"fr_FR","og_type":"article","og_title":"Enceinte Disco Bluetooth 5 W avec LED 6 couleurs \u2013 T\u00e9l\u00e9commande incluse - DontMove MarketPlace","og_description":"Sur Don\u2019tMove.net : enceinte disco Bluetooth 5 W avec LED multicolore, t\u00e9l\u00e9commande, autonomie 3,5h et recharge USB-C \u2014 id\u00e9ale pour vos soir\u00e9es.","og_url":"https:\/\/ci.dontmove.net\/fr\/produit\/enceinte-disco-bluetooth-5-w-avec-led-6-couleurs-telecommande-incluse\/","og_site_name":"DontMove MarketPlace","article_publisher":"https:\/\/www.facebook.com\/fullit225\/","article_modified_time":"2025-11-20T10:37:11+00:00","og_image":[{"width":800,"height":800,"url":"https:\/\/ci.dontmove.net\/wp-content\/uploads\/2025\/11\/2-105.jpg","type":"image\/jpeg"}],"twitter_card":"summary_large_image","twitter_misc":{"Dur\u00e9e de lecture estim\u00e9e":"1 minute"},"schema":{"@context":"https:\/\/schema.org","@graph":[{"@type":"WebPage","@id":"https:\/\/ci.dontmove.net\/fr\/produit\/enceinte-disco-bluetooth-5-w-avec-led-6-couleurs-telecommande-incluse\/","url":"https:\/\/ci.dontmove.net\/fr\/produit\/enceinte-disco-bluetooth-5-w-avec-led-6-couleurs-telecommande-incluse\/","name":"Enceinte Disco Bluetooth 5 W avec LED 6 couleurs \u2013 T\u00e9l\u00e9commande incluse - DontMove MarketPlace","isPartOf":{"@id":"https:\/\/ci.dontmove.net\/fr\/#website"},"primaryImageOfPage":{"@id":"https:\/\/ci.dontmove.net\/fr\/produit\/enceinte-disco-bluetooth-5-w-avec-led-6-couleurs-telecommande-incluse\/#primaryimage"},"image":{"@id":"https:\/\/ci.dontmove.net\/fr\/produit\/enceinte-disco-bluetooth-5-w-avec-led-6-couleurs-telecommande-incluse\/#primaryimage"},"thumbnailUrl":"https:\/\/ci.dontmove.net\/wp-content\/uploads\/2025\/11\/2-105.jpg","datePublished":"2025-11-19T14:41:09+00:00","dateModified":"2025-11-20T10:37:11+00:00","description":"Sur Don\u2019tMove.net : enceinte disco Bluetooth 5 W avec LED multicolore, t\u00e9l\u00e9commande, autonomie 3,5h et recharge USB-C \u2014 id\u00e9ale pour vos soir\u00e9es.","breadcrumb":{"@id":"https:\/\/ci.dontmove.net\/fr\/produit\/enceinte-disco-bluetooth-5-w-avec-led-6-couleurs-telecommande-incluse\/#breadcrumb"},"inLanguage":"fr-FR","potentialAction":[{"@type":"ReadAction","target":["https:\/\/ci.dontmove.net\/fr\/produit\/enceinte-disco-bluetooth-5-w-avec-led-6-couleurs-telecommande-incluse\/"]}]},{"@type":"ImageObject","inLanguage":"fr-FR","@id":"https:\/\/ci.dontmove.net\/fr\/produit\/enceinte-disco-bluetooth-5-w-avec-led-6-couleurs-telecommande-incluse\/#primaryimage","url":"https:\/\/ci.dontmove.net\/wp-content\/uploads\/2025\/11\/2-105.jpg","contentUrl":"https:\/\/ci.dontmove.net\/wp-content\/uploads\/2025\/11\/2-105.jpg","width":800,"height":800},{"@type":"BreadcrumbList","@id":"https:\/\/ci.dontmove.net\/fr\/produit\/enceinte-disco-bluetooth-5-w-avec-led-6-couleurs-telecommande-incluse\/#breadcrumb","itemListElement":[{"@type":"ListItem","position":1,"name":"Nos Boutiques","item":"https:\/\/ci.dontmove.net\/fr\/nos-boutiques\/"},{"@type":"ListItem","position":2,"name":"Enceinte Disco Bluetooth 5 W avec LED 6 couleurs \u2013 T\u00e9l\u00e9commande incluse"}]},{"@type":"WebSite","@id":"https:\/\/ci.dontmove.net\/fr\/#website","url":"https:\/\/ci.dontmove.net\/fr\/","name":"DontMove MarketPlace","description":"Achat &amp; Vente en Ligne Partout en C\u00f4te d&#039;Ivoire","publisher":{"@id":"https:\/\/ci.dontmove.net\/fr\/#organization"},"alternateName":"DM Market CI","potentialAction":[{"@type":"SearchAction","target":{"@type":"EntryPoint","urlTemplate":"https:\/\/ci.dontmove.net\/fr\/?s={search_term_string}"},"query-input":{"@type":"PropertyValueSpecification","valueRequired":true,"valueName":"search_term_string"}}],"inLanguage":"fr-FR"},{"@type":"Organization","@id":"https:\/\/ci.dontmove.net\/fr\/#organization","name":"Full Information Technologies","alternateName":"Full IT","url":"https:\/\/ci.dontmove.net\/fr\/","logo":{"@type":"ImageObject","inLanguage":"fr-FR","@id":"https:\/\/ci.dontmove.net\/fr\/#\/schema\/logo\/image\/","url":"https:\/\/ci.dontmove.net\/wp-content\/uploads\/2023\/11\/Logo_Full_IT.jpg","contentUrl":"https:\/\/ci.dontmove.net\/wp-content\/uploads\/2023\/11\/Logo_Full_IT.jpg","width":512,"height":512,"caption":"Full Information Technologies"},"image":{"@id":"https:\/\/ci.dontmove.net\/fr\/#\/schema\/logo\/image\/"},"sameAs":["https:\/\/www.facebook.com\/fullit225\/"]}]}},"_links":{"self":[{"href":"https:\/\/ci.dontmove.net\/fr\/wp-json\/wp\/v2\/product\/16185","targetHints":{"allow":["GET"]}}],"collection":[{"href":"https:\/\/ci.dontmove.net\/fr\/wp-json\/wp\/v2\/product"}],"about":[{"href":"https:\/\/ci.dontmove.net\/fr\/wp-json\/wp\/v2\/types\/product"}],"replies":[{"embeddable":true,"href":"https:\/\/ci.dontmove.net\/fr\/wp-json\/wp\/v2\/comments?post=16185"}],"wp:featuredmedia":[{"embeddable":true,"href":"https:\/\/ci.dontmove.net\/fr\/wp-json\/wp\/v2\/media\/16220"}],"wp:attachment":[{"href":"https:\/\/ci.dontmove.net\/fr\/wp-json\/wp\/v2\/media?parent=16185"}],"wp:term":[{"taxonomy":"product_cat","embeddable":true,"href":"https:\/\/ci.dontmove.net\/fr\/wp-json\/wp\/v2\/product_cat?post=16185"},{"taxonomy":"product_tag","embeddable":true,"href":"https:\/\/ci.dontmove.net\/fr\/wp-json\/wp\/v2\/product_tag?post=16185"}],"curies":[{"name":"wp","href":"https:\/\/api.w.org\/{rel}","templated":true}]}}