{"id":11585,"date":"2025-09-17T14:19:09","date_gmt":"2025-09-17T14:19:09","guid":{"rendered":"https:\/\/ci.dontmove.net\/?post_type=product&#038;p=11585"},"modified":"2025-09-17T14:25:43","modified_gmt":"2025-09-17T14:25:43","slug":"itel-a50c-65-rom-32-64-go-ram-2-go-batterie-4000mah-4g","status":"publish","type":"product","link":"https:\/\/ci.dontmove.net\/fr\/produit\/itel-a50c-65-rom-32-64-go-ram-2-go-batterie-4000mah-4g\/","title":{"rendered":"Itel A50C- 6,5&Prime; &#8211; ROM 32\/64 Go &#8211; RAM 2 Go &#8211; Batterie 4000mah &#8211; 4G"},"content":{"rendered":"<div class=\"_tableContainer_1rjym_1\">\n<div class=\"group _tableWrapper_1rjym_13 flex w-fit flex-col-reverse\">\n<table class=\"w-fit min-w-(--thread-content-width)\" data-start=\"189\" data-end=\"390\">\n<tbody data-start=\"222\" data-end=\"390\">\n<tr data-start=\"222\" data-end=\"295\">\n<td data-start=\"222\" data-end=\"243\" data-col-size=\"sm\"><strong data-start=\"224\" data-end=\"242\">Date de sortie<\/strong><\/td>\n<td data-start=\"243\" data-end=\"295\" data-col-size=\"sm\">Ao\u00fbt 2024.<\/td>\n<\/tr>\n<tr data-start=\"296\" data-end=\"390\">\n<td data-start=\"296\" data-end=\"325\" data-col-size=\"sm\"><strong data-start=\"298\" data-end=\"324\">Syst\u00e8me d\u2019exploitation<\/strong><\/td>\n<td data-start=\"325\" data-end=\"390\" data-col-size=\"sm\">Android 14 (Go Edition)<\/td>\n<\/tr>\n<\/tbody>\n<\/table>\n<\/div>\n<\/div>\n<hr data-start=\"392\" data-end=\"395\" \/>\n<h3 data-start=\"397\" data-end=\"410\">\ud83d\udda5\ufe0f \u00c9cran<\/h3>\n<div class=\"_tableContainer_1rjym_1\">\n<div class=\"group _tableWrapper_1rjym_13 flex w-fit flex-col-reverse\">\n<table class=\"w-fit min-w-(--thread-content-width)\" data-start=\"412\" data-end=\"804\">\n<thead data-start=\"412\" data-end=\"439\">\n<tr data-start=\"412\" data-end=\"439\">\n<th data-start=\"412\" data-end=\"422\" data-col-size=\"sm\">\u00c9l\u00e9ment<\/th>\n<th data-start=\"422\" data-end=\"439\" data-col-size=\"md\">Sp\u00e9cification<\/th>\n<\/tr>\n<\/thead>\n<tbody data-start=\"450\" data-end=\"804\">\n<tr data-start=\"450\" data-end=\"522\">\n<td data-start=\"450\" data-end=\"459\" data-col-size=\"sm\">Taille<\/td>\n<td data-start=\"459\" data-end=\"522\" data-col-size=\"md\">6,56 pouces<\/td>\n<\/tr>\n<tr data-start=\"523\" data-end=\"579\">\n<td data-start=\"523\" data-end=\"530\" data-col-size=\"sm\">Type<\/td>\n<td data-start=\"530\" data-end=\"579\" data-col-size=\"md\">IPS LCD<\/td>\n<\/tr>\n<tr data-start=\"580\" data-end=\"677\">\n<td data-start=\"580\" data-end=\"593\" data-col-size=\"sm\">R\u00e9solution<\/td>\n<td data-col-size=\"md\" data-start=\"593\" data-end=\"677\"><strong data-start=\"595\" data-end=\"609\">540 \u00d7 1208<\/strong> pixels (qualit\u00e9 HD-basique)<\/td>\n<\/tr>\n<tr data-start=\"678\" data-end=\"804\">\n<td data-start=\"678\" data-end=\"705\" data-col-size=\"sm\">Ratio \/ Format \/ Densit\u00e9<\/td>\n<td data-start=\"705\" data-end=\"804\" data-col-size=\"md\">Environ <strong data-start=\"715\" data-end=\"723\">20:9<\/strong>, densit\u00e9 ~ 202-270 ppi selon les sources<\/td>\n<\/tr>\n<\/tbody>\n<\/table>\n<\/div>\n<\/div>\n<hr data-start=\"806\" data-end=\"809\" \/>\n<h3 data-start=\"811\" data-end=\"838\">\u2699\ufe0f Processeur &amp; M\u00e9moire<\/h3>\n<div class=\"_tableContainer_1rjym_1\">\n<div class=\"group _tableWrapper_1rjym_13 flex w-fit flex-col-reverse\">\n<table class=\"w-fit min-w-(--thread-content-width)\" data-start=\"840\" data-end=\"1306\">\n<thead data-start=\"840\" data-end=\"867\">\n<tr data-start=\"840\" data-end=\"867\">\n<th data-start=\"840\" data-end=\"850\" data-col-size=\"sm\">\u00c9l\u00e9ment<\/th>\n<th data-start=\"850\" data-end=\"867\" data-col-size=\"lg\">Sp\u00e9cification<\/th>\n<\/tr>\n<\/thead>\n<tbody data-start=\"878\" data-end=\"1306\">\n<tr data-start=\"878\" data-end=\"960\">\n<td data-start=\"878\" data-end=\"897\" data-col-size=\"sm\">Processeur (SoC)<\/td>\n<td data-start=\"897\" data-end=\"960\" data-col-size=\"lg\">Unisoc T603 octa-c\u0153ur<\/td>\n<\/tr>\n<tr data-start=\"961\" data-end=\"1125\">\n<td data-start=\"961\" data-end=\"967\" data-col-size=\"sm\">RAM<\/td>\n<td data-start=\"967\" data-end=\"1125\" data-col-size=\"lg\">Principale version : <strong data-start=\"990\" data-end=\"998\">2 Go<\/strong>\u00a0 RAM \u201c\u00e9tendue \/ m\u00e9moire virtuelle\u201d pour arriver \u00e0 4 Go.<\/td>\n<\/tr>\n<tr data-start=\"1126\" data-end=\"1214\">\n<td data-start=\"1126\" data-end=\"1143\" data-col-size=\"sm\">Stockage (ROM)<\/td>\n<td data-col-size=\"lg\" data-start=\"1143\" data-end=\"1214\">32\/64 Go pour la version de base<\/td>\n<\/tr>\n<tr data-start=\"1215\" data-end=\"1306\">\n<td data-start=\"1215\" data-end=\"1227\" data-col-size=\"sm\">Extension<\/td>\n<td data-start=\"1227\" data-end=\"1306\" data-col-size=\"lg\">Slot microSD pour \u00e9tendre le stockage<\/td>\n<\/tr>\n<\/tbody>\n<\/table>\n<\/div>\n<\/div>\n<hr data-start=\"1308\" data-end=\"1311\" \/>\n<h3 data-start=\"1313\" data-end=\"1335\">\ud83d\udcf8 Appareils photo<\/h3>\n<div class=\"_tableContainer_1rjym_1\">\n<div class=\"group _tableWrapper_1rjym_13 flex w-fit flex-col-reverse\">\n<table class=\"w-fit min-w-(--thread-content-width)\" data-start=\"1337\" data-end=\"1656\">\n<thead data-start=\"1337\" data-end=\"1364\">\n<tr data-start=\"1337\" data-end=\"1364\">\n<th data-start=\"1337\" data-end=\"1347\" data-col-size=\"sm\">\u00c9l\u00e9ment<\/th>\n<th data-start=\"1347\" data-end=\"1364\" data-col-size=\"md\">Sp\u00e9cification<\/th>\n<\/tr>\n<\/thead>\n<tbody data-start=\"1375\" data-end=\"1656\">\n<tr data-start=\"1375\" data-end=\"1451\">\n<td data-start=\"1375\" data-end=\"1392\" data-col-size=\"sm\">Cam\u00e9ra arri\u00e8re<\/td>\n<td data-start=\"1392\" data-end=\"1451\" data-col-size=\"md\">8 MP, LED flash<\/td>\n<\/tr>\n<tr data-start=\"1452\" data-end=\"1527\">\n<td data-start=\"1452\" data-end=\"1479\" data-col-size=\"sm\">Cam\u00e9ra frontale (selfie)<\/td>\n<td data-start=\"1479\" data-end=\"1527\" data-col-size=\"md\">5 MP<\/td>\n<\/tr>\n<tr data-start=\"1528\" data-end=\"1656\">\n<td data-start=\"1528\" data-end=\"1536\" data-col-size=\"sm\">Vid\u00e9o<\/td>\n<td data-start=\"1536\" data-end=\"1656\" data-col-size=\"md\">Selon les sources, l\u2019arri\u00e8re filme en 720p \u00e0 30 fps pour certaines versions.<\/td>\n<\/tr>\n<\/tbody>\n<\/table>\n<\/div>\n<\/div>\n<hr data-start=\"1658\" data-end=\"1661\" \/>\n<h3 data-start=\"1663\" data-end=\"1693\">\ud83d\udd0b Batterie &amp; Alimentation<\/h3>\n<div class=\"_tableContainer_1rjym_1\">\n<div class=\"group _tableWrapper_1rjym_13 flex w-fit flex-col-reverse\">\n<table class=\"w-fit min-w-(--thread-content-width)\" data-start=\"1695\" data-end=\"1958\">\n<thead data-start=\"1695\" data-end=\"1722\">\n<tr data-start=\"1695\" data-end=\"1722\">\n<th data-start=\"1695\" data-end=\"1705\" data-col-size=\"sm\">\u00c9l\u00e9ment<\/th>\n<th data-start=\"1705\" data-end=\"1722\" data-col-size=\"md\">Sp\u00e9cification<\/th>\n<\/tr>\n<\/thead>\n<tbody data-start=\"1733\" data-end=\"1958\">\n<tr data-start=\"1733\" data-end=\"1810\">\n<td data-start=\"1733\" data-end=\"1744\" data-col-size=\"sm\">Capacit\u00e9<\/td>\n<td data-start=\"1744\" data-end=\"1810\" data-col-size=\"md\">4000 mAh, non amovible<\/td>\n<\/tr>\n<tr data-start=\"1811\" data-end=\"1958\">\n<td data-start=\"1811\" data-end=\"1836\" data-col-size=\"sm\">Chargement \/ puissance<\/td>\n<td data-col-size=\"md\" data-start=\"1836\" data-end=\"1958\">Charge via port USB-Type C ; puissance modeste (\u2248 5 W) selon certaines fiches.<\/td>\n<\/tr>\n<\/tbody>\n<\/table>\n<\/div>\n<\/div>\n<hr data-start=\"1960\" data-end=\"1963\" \/>\n<h3 data-start=\"1965\" data-end=\"1994\">\ud83c\udf10 Connectivit\u00e9 &amp; R\u00e9seaux<\/h3>\n<div class=\"_tableContainer_1rjym_1\">\n<div class=\"group _tableWrapper_1rjym_13 flex w-fit flex-col-reverse\">\n<table class=\"w-fit min-w-(--thread-content-width)\" data-start=\"1996\" data-end=\"2399\">\n<thead data-start=\"1996\" data-end=\"2023\">\n<tr data-start=\"1996\" data-end=\"2023\">\n<th data-start=\"1996\" data-end=\"2006\" data-col-size=\"sm\">\u00c9l\u00e9ment<\/th>\n<th data-start=\"2006\" data-end=\"2023\" data-col-size=\"md\">Sp\u00e9cification<\/th>\n<\/tr>\n<\/thead>\n<tbody data-start=\"2034\" data-end=\"2399\">\n<tr data-start=\"2034\" data-end=\"2146\">\n<td data-start=\"2034\" data-end=\"2044\" data-col-size=\"sm\">R\u00e9seaux<\/td>\n<td data-start=\"2044\" data-end=\"2146\" data-col-size=\"md\">Supporte 2G, 3G, 4G LTE ; pas de version 5G pour ce mod\u00e8le<\/td>\n<\/tr>\n<tr data-start=\"2147\" data-end=\"2248\">\n<td data-start=\"2147\" data-end=\"2153\" data-col-size=\"sm\">SIM<\/td>\n<td data-start=\"2153\" data-end=\"2248\" data-col-size=\"md\">Double SIM nano-SIM dans la grande majorit\u00e9 des cas<\/td>\n<\/tr>\n<tr data-start=\"2249\" data-end=\"2399\">\n<td data-start=\"2249\" data-end=\"2269\" data-col-size=\"sm\">Autres connexions<\/td>\n<td data-start=\"2269\" data-end=\"2399\" data-col-size=\"md\">WiFi, Bluetooth, GPS ; port USB-C ; prise Jack 3,5 mm pr\u00e9sente selon certains march\u00e9s.<\/td>\n<\/tr>\n<\/tbody>\n<\/table>\n<\/div>\n<\/div>\n<hr data-start=\"2401\" data-end=\"2404\" \/>\n<h3 data-start=\"2406\" data-end=\"2432\">\ud83d\udcd0 Dimensions &amp; Design<\/h3>\n<div class=\"_tableContainer_1rjym_1\">\n<div class=\"group _tableWrapper_1rjym_13 flex w-fit flex-col-reverse\">\n<table class=\"w-fit min-w-(--thread-content-width)\" data-start=\"2434\" data-end=\"2911\">\n<thead data-start=\"2434\" data-end=\"2461\">\n<tr data-start=\"2434\" data-end=\"2461\">\n<th data-start=\"2434\" data-end=\"2444\" data-col-size=\"sm\">\u00c9l\u00e9ment<\/th>\n<th data-start=\"2444\" data-end=\"2461\" data-col-size=\"lg\">Sp\u00e9cification<\/th>\n<\/tr>\n<\/thead>\n<tbody data-start=\"2472\" data-end=\"2911\">\n<tr data-start=\"2472\" data-end=\"2556\">\n<td data-start=\"2472\" data-end=\"2485\" data-col-size=\"sm\">Dimensions<\/td>\n<td data-start=\"2485\" data-end=\"2556\" data-col-size=\"lg\">\u2248 <strong data-start=\"2489\" data-end=\"2514\">163,9 \u00d7 75,7 \u00d7 9,4 mm<\/strong><\/td>\n<\/tr>\n<tr data-start=\"2557\" data-end=\"2622\">\n<td data-start=\"2557\" data-end=\"2565\" data-col-size=\"sm\">Poids<\/td>\n<td data-col-size=\"lg\" data-start=\"2565\" data-end=\"2622\">~ <strong data-start=\"2569\" data-end=\"2580\">192,6 g<\/strong><\/td>\n<\/tr>\n<tr data-start=\"2623\" data-end=\"2745\">\n<td data-start=\"2623\" data-end=\"2646\" data-col-size=\"sm\">Couleurs disponibles<\/td>\n<td data-col-size=\"lg\" data-start=\"2646\" data-end=\"2745\">Variables selon stock<\/td>\n<\/tr>\n<tr data-start=\"2746\" data-end=\"2911\">\n<td data-start=\"2746\" data-end=\"2758\" data-col-size=\"sm\">Mat\u00e9riaux<\/td>\n<td data-start=\"2758\" data-end=\"2911\" data-col-size=\"lg\">Dos en plastique, cadre plastique (les sp\u00e9cifications ne mentionnent pas de m\u00e9tal ou verre r\u00e9sistant sp\u00e9cial)<\/td>\n<\/tr>\n<\/tbody>\n<\/table>\n<\/div>\n<\/div>\n<hr data-start=\"2913\" data-end=\"2916\" \/>\n<h3 data-start=\"2918\" data-end=\"2958\">\ud83d\udd10 S\u00e9curit\u00e9 &amp; Autres fonctionnalit\u00e9s<\/h3>\n<div class=\"_tableContainer_1rjym_1\">\n<div class=\"group _tableWrapper_1rjym_13 flex w-fit flex-col-reverse\">\n<table class=\"w-fit min-w-(--thread-content-width)\" data-start=\"2960\" data-end=\"3309\">\n<thead data-start=\"2960\" data-end=\"2987\">\n<tr data-start=\"2960\" data-end=\"2987\">\n<th data-start=\"2960\" data-end=\"2970\" data-col-size=\"sm\">\u00c9l\u00e9ment<\/th>\n<th data-start=\"2970\" data-end=\"2987\" data-col-size=\"md\">Sp\u00e9cification<\/th>\n<\/tr>\n<\/thead>\n<tbody data-start=\"2998\" data-end=\"3309\">\n<tr data-start=\"2998\" data-end=\"3135\">\n<td data-start=\"2998\" data-end=\"3009\" data-col-size=\"sm\">Capteurs<\/td>\n<td data-start=\"3009\" data-end=\"3135\" data-col-size=\"md\">Capteur d\u2019empreinte digitale <strong data-start=\"3040\" data-end=\"3055\">\u00e0 l\u2019arri\u00e8re<\/strong>, capteurs proximity, luminosit\u00e9, etc.<\/td>\n<\/tr>\n<tr data-start=\"3136\" data-end=\"3235\">\n<td data-start=\"3136\" data-end=\"3160\" data-col-size=\"sm\">D\u00e9verrouillage facial<\/td>\n<td data-col-size=\"md\" data-start=\"3160\" data-end=\"3235\">Pr\u00e9sent selon certaines fiches.<\/td>\n<\/tr>\n<tr data-start=\"3236\" data-end=\"3309\">\n<td data-start=\"3236\" data-end=\"3262\" data-col-size=\"sm\">Prise jack audio 3,5 mm<\/td>\n<td data-col-size=\"md\" data-start=\"3262\" data-end=\"3309\">Oui<\/td>\n<\/tr>\n<\/tbody>\n<\/table>\n<\/div>\n<\/div>\n","protected":false},"excerpt":{"rendered":"<ul>\n<li data-start=\"1413\" data-end=\"1498\">\n<p data-start=\"1415\" data-end=\"1498\">Itel A50C \u2013 \u00e9cran 6,5&Prime;, batterie 4000 mAh, 2 Go RAM, 32\/64 Go ROM.<\/p>\n<\/li>\n<\/ul>\n","protected":false},"featured_media":11586,"comment_status":"open","ping_status":"closed","template":"","meta":[],"product_cat":[278,786,268],"product_tag":[3815,3812,3807,3811,3810,3809,3813,3816,3814,3805,3808],"class_list":{"0":"post-11585","1":"product","2":"type-product","3":"status-publish","4":"has-post-thumbnail","6":"product_brand-itel","7":"product_cat-smartphone-telephone-intelligent","8":"product_cat-telephone-4g","9":"product_cat-telephone-tablette","10":"product_tag-5-pouces","11":"product_tag-acheter-itel-a50c-cote-divoire","12":"product_tag-itel-a50c","13":"product_tag-itel-a50c-2-go-ram","14":"product_tag-itel-a50c-32-go-prix","15":"product_tag-itel-a50c-64-go","16":"product_tag-itel-a50c-batterie-4000-mah","17":"product_tag-itel-a50c-caracteristiques-et-avis","18":"product_tag-itel-a50c-ecran-6","19":"product_tag-nouveau-smartphone-itel-2025","20":"product_tag-smartphone-itel-a50c-pas-cher","22":"first","23":"instock","24":"shipping-taxable","25":"purchasable","26":"product-type-variable","27":"col-xs-6 col-sm-4","28":"col-md-3 col-lg-3","29":"un-4-cols"},"yoast_head":"<!-- This site is optimized with the Yoast SEO plugin v27.4 - https:\/\/yoast.com\/product\/yoast-seo-wordpress\/ -->\n<title>Itel A50C- 6,5&quot; - ROM 32\/64 Go - RAM 2 Go - Batterie 4000mah - 4G - DontMove MarketPlace<\/title>\n<meta name=\"description\" content=\"D\u00e9couvrez l\u2019Itel A50C : smartphone 4G avec \u00e9cran 6,5&quot;, stockage 32\/64 Go, RAM 2 Go et batterie 4000 mAh. Un t\u00e9l\u00e9phone pratique et \u00e9conomique .\" \/>\n<meta name=\"robots\" content=\"index, follow, max-snippet:-1, max-image-preview:large, max-video-preview:-1\" \/>\n<link rel=\"canonical\" href=\"https:\/\/ci.dontmove.net\/fr\/produit\/itel-a50c-65-rom-32-64-go-ram-2-go-batterie-4000mah-4g\/\" \/>\n<meta property=\"og:locale\" content=\"fr_FR\" \/>\n<meta property=\"og:type\" content=\"article\" \/>\n<meta property=\"og:title\" content=\"Itel A50C- 6,5&quot; - ROM 32\/64 Go - RAM 2 Go - Batterie 4000mah - 4G - DontMove MarketPlace\" \/>\n<meta property=\"og:description\" content=\"D\u00e9couvrez l\u2019Itel A50C : smartphone 4G avec \u00e9cran 6,5&quot;, stockage 32\/64 Go, RAM 2 Go et batterie 4000 mAh. Un t\u00e9l\u00e9phone pratique et \u00e9conomique .\" \/>\n<meta property=\"og:url\" content=\"https:\/\/ci.dontmove.net\/fr\/produit\/itel-a50c-65-rom-32-64-go-ram-2-go-batterie-4000mah-4g\/\" \/>\n<meta property=\"og:site_name\" content=\"DontMove MarketPlace\" \/>\n<meta property=\"article:publisher\" content=\"https:\/\/www.facebook.com\/fullit225\/\" \/>\n<meta property=\"article:modified_time\" content=\"2025-09-17T14:25:43+00:00\" \/>\n<meta property=\"og:image\" content=\"https:\/\/ci.dontmove.net\/wp-content\/uploads\/2025\/09\/1-9.png\" \/>\n\t<meta property=\"og:image:width\" content=\"600\" \/>\n\t<meta property=\"og:image:height\" content=\"600\" \/>\n\t<meta property=\"og:image:type\" content=\"image\/png\" \/>\n<meta name=\"twitter:card\" content=\"summary_large_image\" \/>\n<meta name=\"twitter:label1\" content=\"Dur\u00e9e de lecture estim\u00e9e\" \/>\n\t<meta name=\"twitter:data1\" content=\"2 minutes\" \/>\n<script type=\"application\/ld+json\" class=\"yoast-schema-graph\">{\"@context\":\"https:\\\/\\\/schema.org\",\"@graph\":[{\"@type\":\"WebPage\",\"@id\":\"https:\\\/\\\/ci.dontmove.net\\\/fr\\\/produit\\\/itel-a50c-65-rom-32-64-go-ram-2-go-batterie-4000mah-4g\\\/\",\"url\":\"https:\\\/\\\/ci.dontmove.net\\\/fr\\\/produit\\\/itel-a50c-65-rom-32-64-go-ram-2-go-batterie-4000mah-4g\\\/\",\"name\":\"Itel A50C- 6,5\\\" - ROM 32\\\/64 Go - RAM 2 Go - Batterie 4000mah - 4G - DontMove MarketPlace\",\"isPartOf\":{\"@id\":\"https:\\\/\\\/ci.dontmove.net\\\/fr\\\/#website\"},\"primaryImageOfPage\":{\"@id\":\"https:\\\/\\\/ci.dontmove.net\\\/fr\\\/produit\\\/itel-a50c-65-rom-32-64-go-ram-2-go-batterie-4000mah-4g\\\/#primaryimage\"},\"image\":{\"@id\":\"https:\\\/\\\/ci.dontmove.net\\\/fr\\\/produit\\\/itel-a50c-65-rom-32-64-go-ram-2-go-batterie-4000mah-4g\\\/#primaryimage\"},\"thumbnailUrl\":\"https:\\\/\\\/ci.dontmove.net\\\/wp-content\\\/uploads\\\/2025\\\/09\\\/1-9.png\",\"datePublished\":\"2025-09-17T14:19:09+00:00\",\"dateModified\":\"2025-09-17T14:25:43+00:00\",\"description\":\"D\u00e9couvrez l\u2019Itel A50C : smartphone 4G avec \u00e9cran 6,5\\\", stockage 32\\\/64 Go, RAM 2 Go et batterie 4000 mAh. Un t\u00e9l\u00e9phone pratique et \u00e9conomique .\",\"breadcrumb\":{\"@id\":\"https:\\\/\\\/ci.dontmove.net\\\/fr\\\/produit\\\/itel-a50c-65-rom-32-64-go-ram-2-go-batterie-4000mah-4g\\\/#breadcrumb\"},\"inLanguage\":\"fr-FR\",\"potentialAction\":[{\"@type\":\"ReadAction\",\"target\":[\"https:\\\/\\\/ci.dontmove.net\\\/fr\\\/produit\\\/itel-a50c-65-rom-32-64-go-ram-2-go-batterie-4000mah-4g\\\/\"]}]},{\"@type\":\"ImageObject\",\"inLanguage\":\"fr-FR\",\"@id\":\"https:\\\/\\\/ci.dontmove.net\\\/fr\\\/produit\\\/itel-a50c-65-rom-32-64-go-ram-2-go-batterie-4000mah-4g\\\/#primaryimage\",\"url\":\"https:\\\/\\\/ci.dontmove.net\\\/wp-content\\\/uploads\\\/2025\\\/09\\\/1-9.png\",\"contentUrl\":\"https:\\\/\\\/ci.dontmove.net\\\/wp-content\\\/uploads\\\/2025\\\/09\\\/1-9.png\",\"width\":600,\"height\":600},{\"@type\":\"BreadcrumbList\",\"@id\":\"https:\\\/\\\/ci.dontmove.net\\\/fr\\\/produit\\\/itel-a50c-65-rom-32-64-go-ram-2-go-batterie-4000mah-4g\\\/#breadcrumb\",\"itemListElement\":[{\"@type\":\"ListItem\",\"position\":1,\"name\":\"Nos Boutiques\",\"item\":\"https:\\\/\\\/ci.dontmove.net\\\/fr\\\/nos-boutiques\\\/\"},{\"@type\":\"ListItem\",\"position\":2,\"name\":\"Itel A50C- 6,5&Prime; &#8211; ROM 32\\\/64 Go &#8211; RAM 2 Go &#8211; Batterie 4000mah &#8211; 4G\"}]},{\"@type\":\"WebSite\",\"@id\":\"https:\\\/\\\/ci.dontmove.net\\\/fr\\\/#website\",\"url\":\"https:\\\/\\\/ci.dontmove.net\\\/fr\\\/\",\"name\":\"DontMove MarketPlace\",\"description\":\"Achat &amp; Vente en Ligne Partout en C\u00f4te d&#039;Ivoire\",\"publisher\":{\"@id\":\"https:\\\/\\\/ci.dontmove.net\\\/fr\\\/#organization\"},\"alternateName\":\"DM Market CI\",\"potentialAction\":[{\"@type\":\"SearchAction\",\"target\":{\"@type\":\"EntryPoint\",\"urlTemplate\":\"https:\\\/\\\/ci.dontmove.net\\\/fr\\\/?s={search_term_string}\"},\"query-input\":{\"@type\":\"PropertyValueSpecification\",\"valueRequired\":true,\"valueName\":\"search_term_string\"}}],\"inLanguage\":\"fr-FR\"},{\"@type\":\"Organization\",\"@id\":\"https:\\\/\\\/ci.dontmove.net\\\/fr\\\/#organization\",\"name\":\"Full Information Technologies\",\"alternateName\":\"Full IT\",\"url\":\"https:\\\/\\\/ci.dontmove.net\\\/fr\\\/\",\"logo\":{\"@type\":\"ImageObject\",\"inLanguage\":\"fr-FR\",\"@id\":\"https:\\\/\\\/ci.dontmove.net\\\/fr\\\/#\\\/schema\\\/logo\\\/image\\\/\",\"url\":\"https:\\\/\\\/ci.dontmove.net\\\/wp-content\\\/uploads\\\/2023\\\/11\\\/Logo_Full_IT.jpg\",\"contentUrl\":\"https:\\\/\\\/ci.dontmove.net\\\/wp-content\\\/uploads\\\/2023\\\/11\\\/Logo_Full_IT.jpg\",\"width\":512,\"height\":512,\"caption\":\"Full Information Technologies\"},\"image\":{\"@id\":\"https:\\\/\\\/ci.dontmove.net\\\/fr\\\/#\\\/schema\\\/logo\\\/image\\\/\"},\"sameAs\":[\"https:\\\/\\\/www.facebook.com\\\/fullit225\\\/\"]}]}<\/script>\n<!-- \/ Yoast SEO plugin. -->","yoast_head_json":{"title":"Itel A50C- 6,5\" - ROM 32\/64 Go - RAM 2 Go - Batterie 4000mah - 4G - DontMove MarketPlace","description":"D\u00e9couvrez l\u2019Itel A50C : smartphone 4G avec \u00e9cran 6,5\", stockage 32\/64 Go, RAM 2 Go et batterie 4000 mAh. Un t\u00e9l\u00e9phone pratique et \u00e9conomique .","robots":{"index":"index","follow":"follow","max-snippet":"max-snippet:-1","max-image-preview":"max-image-preview:large","max-video-preview":"max-video-preview:-1"},"canonical":"https:\/\/ci.dontmove.net\/fr\/produit\/itel-a50c-65-rom-32-64-go-ram-2-go-batterie-4000mah-4g\/","og_locale":"fr_FR","og_type":"article","og_title":"Itel A50C- 6,5\" - ROM 32\/64 Go - RAM 2 Go - Batterie 4000mah - 4G - DontMove MarketPlace","og_description":"D\u00e9couvrez l\u2019Itel A50C : smartphone 4G avec \u00e9cran 6,5\", stockage 32\/64 Go, RAM 2 Go et batterie 4000 mAh. Un t\u00e9l\u00e9phone pratique et \u00e9conomique .","og_url":"https:\/\/ci.dontmove.net\/fr\/produit\/itel-a50c-65-rom-32-64-go-ram-2-go-batterie-4000mah-4g\/","og_site_name":"DontMove MarketPlace","article_publisher":"https:\/\/www.facebook.com\/fullit225\/","article_modified_time":"2025-09-17T14:25:43+00:00","og_image":[{"width":600,"height":600,"url":"https:\/\/ci.dontmove.net\/wp-content\/uploads\/2025\/09\/1-9.png","type":"image\/png"}],"twitter_card":"summary_large_image","twitter_misc":{"Dur\u00e9e de lecture estim\u00e9e":"2 minutes"},"schema":{"@context":"https:\/\/schema.org","@graph":[{"@type":"WebPage","@id":"https:\/\/ci.dontmove.net\/fr\/produit\/itel-a50c-65-rom-32-64-go-ram-2-go-batterie-4000mah-4g\/","url":"https:\/\/ci.dontmove.net\/fr\/produit\/itel-a50c-65-rom-32-64-go-ram-2-go-batterie-4000mah-4g\/","name":"Itel A50C- 6,5\" - ROM 32\/64 Go - RAM 2 Go - Batterie 4000mah - 4G - DontMove MarketPlace","isPartOf":{"@id":"https:\/\/ci.dontmove.net\/fr\/#website"},"primaryImageOfPage":{"@id":"https:\/\/ci.dontmove.net\/fr\/produit\/itel-a50c-65-rom-32-64-go-ram-2-go-batterie-4000mah-4g\/#primaryimage"},"image":{"@id":"https:\/\/ci.dontmove.net\/fr\/produit\/itel-a50c-65-rom-32-64-go-ram-2-go-batterie-4000mah-4g\/#primaryimage"},"thumbnailUrl":"https:\/\/ci.dontmove.net\/wp-content\/uploads\/2025\/09\/1-9.png","datePublished":"2025-09-17T14:19:09+00:00","dateModified":"2025-09-17T14:25:43+00:00","description":"D\u00e9couvrez l\u2019Itel A50C : smartphone 4G avec \u00e9cran 6,5\", stockage 32\/64 Go, RAM 2 Go et batterie 4000 mAh. Un t\u00e9l\u00e9phone pratique et \u00e9conomique .","breadcrumb":{"@id":"https:\/\/ci.dontmove.net\/fr\/produit\/itel-a50c-65-rom-32-64-go-ram-2-go-batterie-4000mah-4g\/#breadcrumb"},"inLanguage":"fr-FR","potentialAction":[{"@type":"ReadAction","target":["https:\/\/ci.dontmove.net\/fr\/produit\/itel-a50c-65-rom-32-64-go-ram-2-go-batterie-4000mah-4g\/"]}]},{"@type":"ImageObject","inLanguage":"fr-FR","@id":"https:\/\/ci.dontmove.net\/fr\/produit\/itel-a50c-65-rom-32-64-go-ram-2-go-batterie-4000mah-4g\/#primaryimage","url":"https:\/\/ci.dontmove.net\/wp-content\/uploads\/2025\/09\/1-9.png","contentUrl":"https:\/\/ci.dontmove.net\/wp-content\/uploads\/2025\/09\/1-9.png","width":600,"height":600},{"@type":"BreadcrumbList","@id":"https:\/\/ci.dontmove.net\/fr\/produit\/itel-a50c-65-rom-32-64-go-ram-2-go-batterie-4000mah-4g\/#breadcrumb","itemListElement":[{"@type":"ListItem","position":1,"name":"Nos Boutiques","item":"https:\/\/ci.dontmove.net\/fr\/nos-boutiques\/"},{"@type":"ListItem","position":2,"name":"Itel A50C- 6,5&Prime; &#8211; ROM 32\/64 Go &#8211; RAM 2 Go &#8211; Batterie 4000mah &#8211; 4G"}]},{"@type":"WebSite","@id":"https:\/\/ci.dontmove.net\/fr\/#website","url":"https:\/\/ci.dontmove.net\/fr\/","name":"DontMove MarketPlace","description":"Achat &amp; Vente en Ligne Partout en C\u00f4te d&#039;Ivoire","publisher":{"@id":"https:\/\/ci.dontmove.net\/fr\/#organization"},"alternateName":"DM Market CI","potentialAction":[{"@type":"SearchAction","target":{"@type":"EntryPoint","urlTemplate":"https:\/\/ci.dontmove.net\/fr\/?s={search_term_string}"},"query-input":{"@type":"PropertyValueSpecification","valueRequired":true,"valueName":"search_term_string"}}],"inLanguage":"fr-FR"},{"@type":"Organization","@id":"https:\/\/ci.dontmove.net\/fr\/#organization","name":"Full Information Technologies","alternateName":"Full IT","url":"https:\/\/ci.dontmove.net\/fr\/","logo":{"@type":"ImageObject","inLanguage":"fr-FR","@id":"https:\/\/ci.dontmove.net\/fr\/#\/schema\/logo\/image\/","url":"https:\/\/ci.dontmove.net\/wp-content\/uploads\/2023\/11\/Logo_Full_IT.jpg","contentUrl":"https:\/\/ci.dontmove.net\/wp-content\/uploads\/2023\/11\/Logo_Full_IT.jpg","width":512,"height":512,"caption":"Full Information Technologies"},"image":{"@id":"https:\/\/ci.dontmove.net\/fr\/#\/schema\/logo\/image\/"},"sameAs":["https:\/\/www.facebook.com\/fullit225\/"]}]}},"_links":{"self":[{"href":"https:\/\/ci.dontmove.net\/fr\/wp-json\/wp\/v2\/product\/11585","targetHints":{"allow":["GET"]}}],"collection":[{"href":"https:\/\/ci.dontmove.net\/fr\/wp-json\/wp\/v2\/product"}],"about":[{"href":"https:\/\/ci.dontmove.net\/fr\/wp-json\/wp\/v2\/types\/product"}],"replies":[{"embeddable":true,"href":"https:\/\/ci.dontmove.net\/fr\/wp-json\/wp\/v2\/comments?post=11585"}],"wp:featuredmedia":[{"embeddable":true,"href":"https:\/\/ci.dontmove.net\/fr\/wp-json\/wp\/v2\/media\/11586"}],"wp:attachment":[{"href":"https:\/\/ci.dontmove.net\/fr\/wp-json\/wp\/v2\/media?parent=11585"}],"wp:term":[{"taxonomy":"product_cat","embeddable":true,"href":"https:\/\/ci.dontmove.net\/fr\/wp-json\/wp\/v2\/product_cat?post=11585"},{"taxonomy":"product_tag","embeddable":true,"href":"https:\/\/ci.dontmove.net\/fr\/wp-json\/wp\/v2\/product_tag?post=11585"}],"curies":[{"name":"wp","href":"https:\/\/api.w.org\/{rel}","templated":true}]}}