{"id":11355,"date":"2025-09-01T13:55:32","date_gmt":"2025-09-01T13:55:32","guid":{"rendered":"https:\/\/ci.dontmove.net\/?post_type=product&#038;p=11355"},"modified":"2025-09-01T14:06:18","modified_gmt":"2025-09-01T14:06:18","slug":"infinix-hot-50-678-amoled-rom-128go-8go-ram-50mpx-4g-batterie-5000mah","status":"publish","type":"product","link":"https:\/\/ci.dontmove.net\/fr\/produit\/infinix-hot-50-678-amoled-rom-128go-8go-ram-50mpx-4g-batterie-5000mah\/","title":{"rendered":"Infinix HOT 50 &#8211;  6,78\u00a0\u00bb AMOLED &#8211; ROM 128Go &#8211;  8Go RAM &#8211; 50Mpx &#8211; 4G &#8211; Batterie 5000mah"},"content":{"rendered":"<h2 data-start=\"236\" data-end=\"258\">\ud83d\udcf8 Appareil Photo<\/h2>\n<ul data-start=\"259\" data-end=\"417\">\n<li data-start=\"259\" data-end=\"299\">\n<p data-start=\"261\" data-end=\"299\"><strong data-start=\"261\" data-end=\"279\">Cam\u00e9ra arri\u00e8re<\/strong> : 50 MP\u00a0 \ud83d\udcf7<\/p>\n<\/li>\n<li data-start=\"300\" data-end=\"365\">\n<p data-start=\"302\" data-end=\"365\"><strong data-start=\"302\" data-end=\"327\">Cam\u00e9ra avant (selfie)<\/strong> : 8 MP<\/p>\n<\/li>\n<li data-start=\"366\" data-end=\"417\">\n<p data-start=\"368\" data-end=\"417\"><strong data-start=\"368\" data-end=\"387\">Fonctionnalit\u00e9s<\/strong> : HDR, flash LED, vid\u00e9o FHD<\/p>\n<\/li>\n<\/ul>\n<hr data-start=\"419\" data-end=\"422\" \/>\n<h2 data-start=\"424\" data-end=\"449\">\ud83d\udd0b Batterie &amp; Charge<\/h2>\n<ul data-start=\"450\" data-end=\"570\">\n<li data-start=\"450\" data-end=\"480\">\n<p data-start=\"452\" data-end=\"480\"><strong data-start=\"452\" data-end=\"464\">Capacit\u00e9<\/strong> : 5000 mAh \ud83d\udd0b<\/p>\n<\/li>\n<li data-start=\"481\" data-end=\"512\">\n<p data-start=\"483\" data-end=\"512\"><strong data-start=\"483\" data-end=\"502\">Recharge rapide<\/strong> : 18W \u26a1<\/p>\n<\/li>\n<li data-start=\"513\" data-end=\"540\">\n<p data-start=\"515\" data-end=\"540\">\u274c Charge sans fil : Non<\/p>\n<\/li>\n<li data-start=\"541\" data-end=\"570\">\n<p data-start=\"543\" data-end=\"570\">\u274c Batterie amovible : Non<\/p>\n<\/li>\n<\/ul>\n<hr data-start=\"572\" data-end=\"575\" \/>\n<h2 data-start=\"577\" data-end=\"593\">\ud83e\udded Capteurs<\/h2>\n<ul data-start=\"594\" data-end=\"744\">\n<li data-start=\"594\" data-end=\"637\">\n<p data-start=\"596\" data-end=\"637\">Empreinte digitale int\u00e9gr\u00e9e \u00e0 l\u2019\u00e9cran \u2705<\/p>\n<\/li>\n<li data-start=\"638\" data-end=\"688\">\n<p data-start=\"640\" data-end=\"688\">Capteur lat\u00e9ral suppl\u00e9mentaire (selon version)<\/p>\n<\/li>\n<li data-start=\"689\" data-end=\"706\">\n<p data-start=\"691\" data-end=\"706\">Acc\u00e9l\u00e9rom\u00e8tre<\/p>\n<\/li>\n<li data-start=\"707\" data-end=\"731\">\n<p data-start=\"709\" data-end=\"731\">Capteur de proximit\u00e9<\/p>\n<\/li>\n<li data-start=\"732\" data-end=\"744\">\n<p data-start=\"734\" data-end=\"744\">Boussole<\/p>\n<\/li>\n<\/ul>\n<hr data-start=\"746\" data-end=\"749\" \/>\n<h2 data-start=\"751\" data-end=\"771\">\ud83c\udf10 Connectivit\u00e9<\/h2>\n<ul data-start=\"772\" data-end=\"945\">\n<li data-start=\"772\" data-end=\"791\">\n<p data-start=\"774\" data-end=\"791\"><strong data-start=\"774\" data-end=\"783\">Wi-Fi<\/strong> : Oui<\/p>\n<\/li>\n<li data-start=\"792\" data-end=\"820\">\n<p data-start=\"794\" data-end=\"820\"><strong data-start=\"794\" data-end=\"812\">Bluetooth (BT)<\/strong> : Oui<\/p>\n<\/li>\n<li data-start=\"821\" data-end=\"838\">\n<p data-start=\"823\" data-end=\"838\"><strong data-start=\"823\" data-end=\"830\">GPS<\/strong> : Oui<\/p>\n<\/li>\n<li data-start=\"839\" data-end=\"863\">\n<p data-start=\"841\" data-end=\"863\"><strong data-start=\"841\" data-end=\"855\">USB Type-C<\/strong> : Oui<\/p>\n<\/li>\n<li data-start=\"864\" data-end=\"900\">\n<p data-start=\"866\" data-end=\"900\"><strong data-start=\"866\" data-end=\"878\">Dual SIM<\/strong> : Oui (nano SIM x2)<\/p>\n<\/li>\n<li data-start=\"901\" data-end=\"930\">\n<p data-start=\"903\" data-end=\"930\"><strong data-start=\"903\" data-end=\"914\">R\u00e9seaux<\/strong> : 3G \/ 4G LTE<\/p>\n<\/li>\n<li data-start=\"931\" data-end=\"945\">\n<p data-start=\"933\" data-end=\"945\">\u274c 5G : Non<\/p>\n<\/li>\n<\/ul>\n<hr data-start=\"947\" data-end=\"950\" \/>\n<h2 data-start=\"952\" data-end=\"972\">\u2699\ufe0f Performances<\/h2>\n<ul data-start=\"973\" data-end=\"1188\">\n<li data-start=\"973\" data-end=\"1013\">\n<p data-start=\"975\" data-end=\"1013\"><strong data-start=\"975\" data-end=\"989\">Processeur<\/strong> : MediaTek Helio G100<\/p>\n<\/li>\n<li data-start=\"1014\" data-end=\"1037\">\n<p data-start=\"1016\" data-end=\"1037\"><strong data-start=\"1016\" data-end=\"1023\">CPU<\/strong> : Octa-core<\/p>\n<\/li>\n<li data-start=\"1038\" data-end=\"1094\">\n<p data-start=\"1040\" data-end=\"1094\"><strong data-start=\"1040\" data-end=\"1047\">RAM<\/strong> : 8 Go (+ extension virtuelle jusqu\u2019\u00e0 16 Go)<\/p>\n<\/li>\n<li data-start=\"1095\" data-end=\"1134\">\n<p data-start=\"1097\" data-end=\"1134\"><strong data-start=\"1097\" data-end=\"1123\">Stockage interne (ROM)<\/strong> : 128 Go<\/p>\n<\/li>\n<li data-start=\"1135\" data-end=\"1188\">\n<p data-start=\"1137\" data-end=\"1188\"><strong data-start=\"1137\" data-end=\"1150\">Extension<\/strong> : via microSD (selon compatibilit\u00e9)<\/p>\n<\/li>\n<\/ul>\n<hr data-start=\"1190\" data-end=\"1193\" \/>\n<h2 data-start=\"1195\" data-end=\"1221\">\ud83d\udccf Dimensions &amp; Poids<\/h2>\n<ul data-start=\"1222\" data-end=\"1396\">\n<li data-start=\"1222\" data-end=\"1251\">\n<p data-start=\"1224\" data-end=\"1251\"><strong data-start=\"1224\" data-end=\"1233\">\u00c9cran<\/strong> : 6,78\u2019\u2019 AMOLED<\/p>\n<\/li>\n<li data-start=\"1252\" data-end=\"1298\">\n<p data-start=\"1254\" data-end=\"1298\"><strong data-start=\"1254\" data-end=\"1268\">R\u00e9solution<\/strong> : Full HD+ (1080 x 2436 px)<\/p>\n<\/li>\n<li data-start=\"1299\" data-end=\"1358\">\n<p data-start=\"1301\" data-end=\"1358\"><strong data-start=\"1301\" data-end=\"1329\">Taux de rafra\u00eechissement<\/strong> : 60 Hz \/ 120 Hz adaptatif<\/p>\n<\/li>\n<li data-start=\"1359\" data-end=\"1396\">\n<p data-start=\"1361\" data-end=\"1396\"><strong data-start=\"1361\" data-end=\"1370\">Poids<\/strong> : ~190 g (non confirm\u00e9)<\/p>\n<\/li>\n<\/ul>\n<hr data-start=\"1398\" data-end=\"1401\" \/>\n<h2 data-start=\"1403\" data-end=\"1417\">\ud83d\udcf6 R\u00e9seau<\/h2>\n<ul data-start=\"1418\" data-end=\"1515\">\n<li data-start=\"1418\" data-end=\"1445\">\n<p data-start=\"1420\" data-end=\"1445\"><strong data-start=\"1420\" data-end=\"1427\">SIM<\/strong> : Dual Nano SIM<\/p>\n<\/li>\n<li data-start=\"1446\" data-end=\"1495\">\n<p data-start=\"1448\" data-end=\"1495\"><strong data-start=\"1448\" data-end=\"1469\">R\u00e9seaux support\u00e9s<\/strong> : GSM \/ HSPA \/ LTE (4G)<\/p>\n<\/li>\n<li data-start=\"1496\" data-end=\"1515\">\n<p data-start=\"1498\" data-end=\"1515\"><strong data-start=\"1498\" data-end=\"1507\">VoLTE<\/strong> : Oui<\/p>\n<\/li>\n<\/ul>\n<hr data-start=\"1517\" data-end=\"1520\" \/>\n<h2 data-start=\"1522\" data-end=\"1537\">\ud83d\udcf1 Syst\u00e8me<\/h2>\n<ul data-start=\"1538\" data-end=\"1607\">\n<li data-start=\"1538\" data-end=\"1561\">\n<p data-start=\"1540\" data-end=\"1561\"><strong data-start=\"1540\" data-end=\"1546\">OS<\/strong> : Android 14<\/p>\n<\/li>\n<li data-start=\"1562\" data-end=\"1607\">\n<p data-start=\"1564\" data-end=\"1607\"><strong data-start=\"1564\" data-end=\"1577\">Interface<\/strong> : Optimisation constructeur<\/p>\n<\/li>\n<\/ul>\n<hr data-start=\"1609\" data-end=\"1612\" \/>\n<h2 data-start=\"1614\" data-end=\"1628\">\ud83d\udc8e Divers<\/h2>\n<ul data-start=\"1629\" data-end=\"1984\">\n<li data-start=\"1652\" data-end=\"1682\">\n<p data-start=\"1654\" data-end=\"1682\"><strong data-start=\"1654\" data-end=\"1673\">Ann\u00e9e de sortie<\/strong> : 2025<\/p>\n<\/li>\n<li data-start=\"1683\" data-end=\"1745\">\n<p data-start=\"1685\" data-end=\"1745\"><strong data-start=\"1685\" data-end=\"1706\">Coloris possibles<\/strong> : Noir \/ Bleu \/ Argent (\u00e0 confirmer)<\/p>\n<\/li>\n<li data-start=\"1746\" data-end=\"1984\">\n<p data-start=\"1748\" data-end=\"1984\"><strong data-start=\"1748\" data-end=\"1766\">Avantages cl\u00e9s<\/strong> :<br data-start=\"1768\" data-end=\"1771\" \/>\u2714\ufe0f Grand \u00e9cran AMOLED FHD+ 6,78\u2019\u2019 immersif<br data-start=\"1816\" data-end=\"1819\" \/>\u2714\ufe0f RAM extensible jusqu\u2019\u00e0 16 Go pour plus de fluidit\u00e9<br data-start=\"1875\" data-end=\"1878\" \/>\u2714\ufe0f Cam\u00e9ra principale 50 MP + autonomie solide<br data-start=\"1926\" data-end=\"1929\" \/>\u2714\ufe0f Empreinte digitale sous l\u2019\u00e9cran + charge rapide<\/p>\n<\/li>\n<\/ul>\n","protected":false},"excerpt":{"rendered":"<p>Infinix HOT 50 \u2013 8Go RAM, 128Go ROM, appareil photo 50MP et batterie 5000 mAh.<\/p>\n","protected":false},"featured_media":11359,"comment_status":"open","ping_status":"closed","template":"","meta":[],"product_cat":[606,278,786,268,211],"product_tag":[3680,3679,3683,3682,3685,3684,3688,3681,3686,3687],"class_list":{"0":"post-11355","1":"product","2":"type-product","3":"status-publish","4":"has-post-thumbnail","6":"product_brand-infinix","7":"product_cat-mode-nouveaute","8":"product_cat-smartphone-telephone-intelligent","9":"product_cat-telephone-4g","10":"product_cat-telephone-tablette","11":"product_cat-vetement-mode","12":"product_tag-acheter-infinix-hot-50-cote-divoire","13":"product_tag-infinix-hot-50","14":"product_tag-infinix-hot-50-128-go","15":"product_tag-infinix-hot-50-8go-ram","16":"product_tag-infinix-hot-50-appareil-photo-50-mp","17":"product_tag-infinix-hot-50-batterie-5000-mah","18":"product_tag-infinix-hot-50-double-sim","19":"product_tag-infinix-hot-50-prix","20":"product_tag-meilleur-smartphone-infinix-2025","21":"product_tag-smartphone-infinix-hot-50-pas-cher","23":"first","24":"instock","25":"shipping-taxable","26":"purchasable","27":"product-type-variable","28":"col-xs-6 col-sm-4","29":"col-md-3 col-lg-3","30":"un-4-cols"},"yoast_head":"<!-- This site is optimized with the Yoast SEO plugin v27.4 - https:\/\/yoast.com\/product\/yoast-seo-wordpress\/ -->\n<title>Infinix HOT 50 - 6,78&#039;&#039; AMOLED - ROM 128Go - 8Go RAM - 50Mpx - 4G - Batterie 5000mah - DontMove MarketPlace<\/title>\n<meta name=\"description\" content=\"D\u00e9couvrez le Infinix HOT 50 : 8Go RAM, 128Go ROM, appareil photo 50MP et batterie 5000mAh longue dur\u00e9e. Puissance et style au meilleur prix .\" \/>\n<meta name=\"robots\" content=\"index, follow, max-snippet:-1, max-image-preview:large, max-video-preview:-1\" \/>\n<link rel=\"canonical\" href=\"https:\/\/ci.dontmove.net\/fr\/produit\/infinix-hot-50-678-amoled-rom-128go-8go-ram-50mpx-4g-batterie-5000mah\/\" \/>\n<meta property=\"og:locale\" content=\"fr_FR\" \/>\n<meta property=\"og:type\" content=\"article\" \/>\n<meta property=\"og:title\" content=\"Infinix HOT 50 - 6,78&#039;&#039; AMOLED - ROM 128Go - 8Go RAM - 50Mpx - 4G - Batterie 5000mah - DontMove MarketPlace\" \/>\n<meta property=\"og:description\" content=\"D\u00e9couvrez le Infinix HOT 50 : 8Go RAM, 128Go ROM, appareil photo 50MP et batterie 5000mAh longue dur\u00e9e. Puissance et style au meilleur prix .\" \/>\n<meta property=\"og:url\" content=\"https:\/\/ci.dontmove.net\/fr\/produit\/infinix-hot-50-678-amoled-rom-128go-8go-ram-50mpx-4g-batterie-5000mah\/\" \/>\n<meta property=\"og:site_name\" content=\"DontMove MarketPlace\" \/>\n<meta property=\"article:publisher\" content=\"https:\/\/www.facebook.com\/fullit225\/\" \/>\n<meta property=\"article:modified_time\" content=\"2025-09-01T14:06:18+00:00\" \/>\n<meta property=\"og:image\" content=\"https:\/\/ci.dontmove.net\/wp-content\/uploads\/2025\/09\/1-1-2.jpg\" \/>\n\t<meta property=\"og:image:width\" content=\"680\" \/>\n\t<meta property=\"og:image:height\" content=\"680\" \/>\n\t<meta property=\"og:image:type\" content=\"image\/jpeg\" \/>\n<meta name=\"twitter:card\" content=\"summary_large_image\" \/>\n<meta name=\"twitter:label1\" content=\"Dur\u00e9e de lecture estim\u00e9e\" \/>\n\t<meta name=\"twitter:data1\" content=\"2 minutes\" \/>\n<script type=\"application\/ld+json\" class=\"yoast-schema-graph\">{\"@context\":\"https:\\\/\\\/schema.org\",\"@graph\":[{\"@type\":\"WebPage\",\"@id\":\"https:\\\/\\\/ci.dontmove.net\\\/fr\\\/produit\\\/infinix-hot-50-678-amoled-rom-128go-8go-ram-50mpx-4g-batterie-5000mah\\\/\",\"url\":\"https:\\\/\\\/ci.dontmove.net\\\/fr\\\/produit\\\/infinix-hot-50-678-amoled-rom-128go-8go-ram-50mpx-4g-batterie-5000mah\\\/\",\"name\":\"Infinix HOT 50 - 6,78'' AMOLED - ROM 128Go - 8Go RAM - 50Mpx - 4G - Batterie 5000mah - DontMove MarketPlace\",\"isPartOf\":{\"@id\":\"https:\\\/\\\/ci.dontmove.net\\\/fr\\\/#website\"},\"primaryImageOfPage\":{\"@id\":\"https:\\\/\\\/ci.dontmove.net\\\/fr\\\/produit\\\/infinix-hot-50-678-amoled-rom-128go-8go-ram-50mpx-4g-batterie-5000mah\\\/#primaryimage\"},\"image\":{\"@id\":\"https:\\\/\\\/ci.dontmove.net\\\/fr\\\/produit\\\/infinix-hot-50-678-amoled-rom-128go-8go-ram-50mpx-4g-batterie-5000mah\\\/#primaryimage\"},\"thumbnailUrl\":\"https:\\\/\\\/ci.dontmove.net\\\/wp-content\\\/uploads\\\/2025\\\/09\\\/1-1-2.jpg\",\"datePublished\":\"2025-09-01T13:55:32+00:00\",\"dateModified\":\"2025-09-01T14:06:18+00:00\",\"description\":\"D\u00e9couvrez le Infinix HOT 50 : 8Go RAM, 128Go ROM, appareil photo 50MP et batterie 5000mAh longue dur\u00e9e. Puissance et style au meilleur prix .\",\"breadcrumb\":{\"@id\":\"https:\\\/\\\/ci.dontmove.net\\\/fr\\\/produit\\\/infinix-hot-50-678-amoled-rom-128go-8go-ram-50mpx-4g-batterie-5000mah\\\/#breadcrumb\"},\"inLanguage\":\"fr-FR\",\"potentialAction\":[{\"@type\":\"ReadAction\",\"target\":[\"https:\\\/\\\/ci.dontmove.net\\\/fr\\\/produit\\\/infinix-hot-50-678-amoled-rom-128go-8go-ram-50mpx-4g-batterie-5000mah\\\/\"]}]},{\"@type\":\"ImageObject\",\"inLanguage\":\"fr-FR\",\"@id\":\"https:\\\/\\\/ci.dontmove.net\\\/fr\\\/produit\\\/infinix-hot-50-678-amoled-rom-128go-8go-ram-50mpx-4g-batterie-5000mah\\\/#primaryimage\",\"url\":\"https:\\\/\\\/ci.dontmove.net\\\/wp-content\\\/uploads\\\/2025\\\/09\\\/1-1-2.jpg\",\"contentUrl\":\"https:\\\/\\\/ci.dontmove.net\\\/wp-content\\\/uploads\\\/2025\\\/09\\\/1-1-2.jpg\",\"width\":680,\"height\":680},{\"@type\":\"BreadcrumbList\",\"@id\":\"https:\\\/\\\/ci.dontmove.net\\\/fr\\\/produit\\\/infinix-hot-50-678-amoled-rom-128go-8go-ram-50mpx-4g-batterie-5000mah\\\/#breadcrumb\",\"itemListElement\":[{\"@type\":\"ListItem\",\"position\":1,\"name\":\"Nos Boutiques\",\"item\":\"https:\\\/\\\/ci.dontmove.net\\\/fr\\\/nos-boutiques\\\/\"},{\"@type\":\"ListItem\",\"position\":2,\"name\":\"Infinix HOT 50 &#8211; 6,78\u00a0\u00bb AMOLED &#8211; ROM 128Go &#8211; 8Go RAM &#8211; 50Mpx &#8211; 4G &#8211; Batterie 5000mah\"}]},{\"@type\":\"WebSite\",\"@id\":\"https:\\\/\\\/ci.dontmove.net\\\/fr\\\/#website\",\"url\":\"https:\\\/\\\/ci.dontmove.net\\\/fr\\\/\",\"name\":\"DontMove MarketPlace\",\"description\":\"Achat &amp; Vente en Ligne Partout en C\u00f4te d&#039;Ivoire\",\"publisher\":{\"@id\":\"https:\\\/\\\/ci.dontmove.net\\\/fr\\\/#organization\"},\"alternateName\":\"DM Market CI\",\"potentialAction\":[{\"@type\":\"SearchAction\",\"target\":{\"@type\":\"EntryPoint\",\"urlTemplate\":\"https:\\\/\\\/ci.dontmove.net\\\/fr\\\/?s={search_term_string}\"},\"query-input\":{\"@type\":\"PropertyValueSpecification\",\"valueRequired\":true,\"valueName\":\"search_term_string\"}}],\"inLanguage\":\"fr-FR\"},{\"@type\":\"Organization\",\"@id\":\"https:\\\/\\\/ci.dontmove.net\\\/fr\\\/#organization\",\"name\":\"Full Information Technologies\",\"alternateName\":\"Full IT\",\"url\":\"https:\\\/\\\/ci.dontmove.net\\\/fr\\\/\",\"logo\":{\"@type\":\"ImageObject\",\"inLanguage\":\"fr-FR\",\"@id\":\"https:\\\/\\\/ci.dontmove.net\\\/fr\\\/#\\\/schema\\\/logo\\\/image\\\/\",\"url\":\"https:\\\/\\\/ci.dontmove.net\\\/wp-content\\\/uploads\\\/2023\\\/11\\\/Logo_Full_IT.jpg\",\"contentUrl\":\"https:\\\/\\\/ci.dontmove.net\\\/wp-content\\\/uploads\\\/2023\\\/11\\\/Logo_Full_IT.jpg\",\"width\":512,\"height\":512,\"caption\":\"Full Information Technologies\"},\"image\":{\"@id\":\"https:\\\/\\\/ci.dontmove.net\\\/fr\\\/#\\\/schema\\\/logo\\\/image\\\/\"},\"sameAs\":[\"https:\\\/\\\/www.facebook.com\\\/fullit225\\\/\"]}]}<\/script>\n<!-- \/ Yoast SEO plugin. -->","yoast_head_json":{"title":"Infinix HOT 50 - 6,78'' AMOLED - ROM 128Go - 8Go RAM - 50Mpx - 4G - Batterie 5000mah - DontMove MarketPlace","description":"D\u00e9couvrez le Infinix HOT 50 : 8Go RAM, 128Go ROM, appareil photo 50MP et batterie 5000mAh longue dur\u00e9e. Puissance et style au meilleur prix .","robots":{"index":"index","follow":"follow","max-snippet":"max-snippet:-1","max-image-preview":"max-image-preview:large","max-video-preview":"max-video-preview:-1"},"canonical":"https:\/\/ci.dontmove.net\/fr\/produit\/infinix-hot-50-678-amoled-rom-128go-8go-ram-50mpx-4g-batterie-5000mah\/","og_locale":"fr_FR","og_type":"article","og_title":"Infinix HOT 50 - 6,78'' AMOLED - ROM 128Go - 8Go RAM - 50Mpx - 4G - Batterie 5000mah - DontMove MarketPlace","og_description":"D\u00e9couvrez le Infinix HOT 50 : 8Go RAM, 128Go ROM, appareil photo 50MP et batterie 5000mAh longue dur\u00e9e. Puissance et style au meilleur prix .","og_url":"https:\/\/ci.dontmove.net\/fr\/produit\/infinix-hot-50-678-amoled-rom-128go-8go-ram-50mpx-4g-batterie-5000mah\/","og_site_name":"DontMove MarketPlace","article_publisher":"https:\/\/www.facebook.com\/fullit225\/","article_modified_time":"2025-09-01T14:06:18+00:00","og_image":[{"width":680,"height":680,"url":"https:\/\/ci.dontmove.net\/wp-content\/uploads\/2025\/09\/1-1-2.jpg","type":"image\/jpeg"}],"twitter_card":"summary_large_image","twitter_misc":{"Dur\u00e9e de lecture estim\u00e9e":"2 minutes"},"schema":{"@context":"https:\/\/schema.org","@graph":[{"@type":"WebPage","@id":"https:\/\/ci.dontmove.net\/fr\/produit\/infinix-hot-50-678-amoled-rom-128go-8go-ram-50mpx-4g-batterie-5000mah\/","url":"https:\/\/ci.dontmove.net\/fr\/produit\/infinix-hot-50-678-amoled-rom-128go-8go-ram-50mpx-4g-batterie-5000mah\/","name":"Infinix HOT 50 - 6,78'' AMOLED - ROM 128Go - 8Go RAM - 50Mpx - 4G - Batterie 5000mah - DontMove MarketPlace","isPartOf":{"@id":"https:\/\/ci.dontmove.net\/fr\/#website"},"primaryImageOfPage":{"@id":"https:\/\/ci.dontmove.net\/fr\/produit\/infinix-hot-50-678-amoled-rom-128go-8go-ram-50mpx-4g-batterie-5000mah\/#primaryimage"},"image":{"@id":"https:\/\/ci.dontmove.net\/fr\/produit\/infinix-hot-50-678-amoled-rom-128go-8go-ram-50mpx-4g-batterie-5000mah\/#primaryimage"},"thumbnailUrl":"https:\/\/ci.dontmove.net\/wp-content\/uploads\/2025\/09\/1-1-2.jpg","datePublished":"2025-09-01T13:55:32+00:00","dateModified":"2025-09-01T14:06:18+00:00","description":"D\u00e9couvrez le Infinix HOT 50 : 8Go RAM, 128Go ROM, appareil photo 50MP et batterie 5000mAh longue dur\u00e9e. Puissance et style au meilleur prix .","breadcrumb":{"@id":"https:\/\/ci.dontmove.net\/fr\/produit\/infinix-hot-50-678-amoled-rom-128go-8go-ram-50mpx-4g-batterie-5000mah\/#breadcrumb"},"inLanguage":"fr-FR","potentialAction":[{"@type":"ReadAction","target":["https:\/\/ci.dontmove.net\/fr\/produit\/infinix-hot-50-678-amoled-rom-128go-8go-ram-50mpx-4g-batterie-5000mah\/"]}]},{"@type":"ImageObject","inLanguage":"fr-FR","@id":"https:\/\/ci.dontmove.net\/fr\/produit\/infinix-hot-50-678-amoled-rom-128go-8go-ram-50mpx-4g-batterie-5000mah\/#primaryimage","url":"https:\/\/ci.dontmove.net\/wp-content\/uploads\/2025\/09\/1-1-2.jpg","contentUrl":"https:\/\/ci.dontmove.net\/wp-content\/uploads\/2025\/09\/1-1-2.jpg","width":680,"height":680},{"@type":"BreadcrumbList","@id":"https:\/\/ci.dontmove.net\/fr\/produit\/infinix-hot-50-678-amoled-rom-128go-8go-ram-50mpx-4g-batterie-5000mah\/#breadcrumb","itemListElement":[{"@type":"ListItem","position":1,"name":"Nos Boutiques","item":"https:\/\/ci.dontmove.net\/fr\/nos-boutiques\/"},{"@type":"ListItem","position":2,"name":"Infinix HOT 50 &#8211; 6,78\u00a0\u00bb AMOLED &#8211; ROM 128Go &#8211; 8Go RAM &#8211; 50Mpx &#8211; 4G &#8211; Batterie 5000mah"}]},{"@type":"WebSite","@id":"https:\/\/ci.dontmove.net\/fr\/#website","url":"https:\/\/ci.dontmove.net\/fr\/","name":"DontMove MarketPlace","description":"Achat &amp; Vente en Ligne Partout en C\u00f4te d&#039;Ivoire","publisher":{"@id":"https:\/\/ci.dontmove.net\/fr\/#organization"},"alternateName":"DM Market CI","potentialAction":[{"@type":"SearchAction","target":{"@type":"EntryPoint","urlTemplate":"https:\/\/ci.dontmove.net\/fr\/?s={search_term_string}"},"query-input":{"@type":"PropertyValueSpecification","valueRequired":true,"valueName":"search_term_string"}}],"inLanguage":"fr-FR"},{"@type":"Organization","@id":"https:\/\/ci.dontmove.net\/fr\/#organization","name":"Full Information Technologies","alternateName":"Full IT","url":"https:\/\/ci.dontmove.net\/fr\/","logo":{"@type":"ImageObject","inLanguage":"fr-FR","@id":"https:\/\/ci.dontmove.net\/fr\/#\/schema\/logo\/image\/","url":"https:\/\/ci.dontmove.net\/wp-content\/uploads\/2023\/11\/Logo_Full_IT.jpg","contentUrl":"https:\/\/ci.dontmove.net\/wp-content\/uploads\/2023\/11\/Logo_Full_IT.jpg","width":512,"height":512,"caption":"Full Information Technologies"},"image":{"@id":"https:\/\/ci.dontmove.net\/fr\/#\/schema\/logo\/image\/"},"sameAs":["https:\/\/www.facebook.com\/fullit225\/"]}]}},"_links":{"self":[{"href":"https:\/\/ci.dontmove.net\/fr\/wp-json\/wp\/v2\/product\/11355","targetHints":{"allow":["GET"]}}],"collection":[{"href":"https:\/\/ci.dontmove.net\/fr\/wp-json\/wp\/v2\/product"}],"about":[{"href":"https:\/\/ci.dontmove.net\/fr\/wp-json\/wp\/v2\/types\/product"}],"replies":[{"embeddable":true,"href":"https:\/\/ci.dontmove.net\/fr\/wp-json\/wp\/v2\/comments?post=11355"}],"wp:featuredmedia":[{"embeddable":true,"href":"https:\/\/ci.dontmove.net\/fr\/wp-json\/wp\/v2\/media\/11359"}],"wp:attachment":[{"href":"https:\/\/ci.dontmove.net\/fr\/wp-json\/wp\/v2\/media?parent=11355"}],"wp:term":[{"taxonomy":"product_cat","embeddable":true,"href":"https:\/\/ci.dontmove.net\/fr\/wp-json\/wp\/v2\/product_cat?post=11355"},{"taxonomy":"product_tag","embeddable":true,"href":"https:\/\/ci.dontmove.net\/fr\/wp-json\/wp\/v2\/product_tag?post=11355"}],"curies":[{"name":"wp","href":"https:\/\/api.w.org\/{rel}","templated":true}]}}