{"id":11223,"date":"2025-08-29T09:52:52","date_gmt":"2025-08-29T09:52:52","guid":{"rendered":"https:\/\/ci.dontmove.net\/?post_type=product&#038;p=11223"},"modified":"2025-08-29T10:14:02","modified_gmt":"2025-08-29T10:14:02","slug":"xiaomi-14t-5g","status":"publish","type":"product","link":"https:\/\/ci.dontmove.net\/fr\/produit\/xiaomi-14t-5g\/","title":{"rendered":"Xiaomi 14T 5G &#8211; Ecran AMOLED 6,67\u00a0\u00bb &#8211; 12 Go de RAM &#8211; Batterie 5000mah"},"content":{"rendered":"<h2 data-start=\"162\" data-end=\"182\">\ud83d\udcf8 Appareil photo<\/h2>\n<ul data-start=\"183\" data-end=\"454\">\n<li data-start=\"183\" data-end=\"239\">\n<p data-start=\"185\" data-end=\"239\"><strong data-start=\"185\" data-end=\"213\">Quadruple capteur dorsal<\/strong> : 50 MP + 50 MP + 12 MP<\/p>\n<\/li>\n<li data-start=\"240\" data-end=\"271\">\n<p data-start=\"242\" data-end=\"271\"><strong data-start=\"242\" data-end=\"261\">Capteur frontal<\/strong> : 32 MP<\/p>\n<\/li>\n<li data-start=\"272\" data-end=\"302\">\n<p data-start=\"274\" data-end=\"302\"><strong data-start=\"274\" data-end=\"291\">Flash arri\u00e8re<\/strong> : \ud83d\udd26 LED<\/p>\n<\/li>\n<li data-start=\"303\" data-end=\"345\">\n<p data-start=\"305\" data-end=\"345\"><strong data-start=\"305\" data-end=\"322\">Stabilisation<\/strong> : \u00c9lectronique (EIS)<\/p>\n<\/li>\n<li data-start=\"346\" data-end=\"382\">\n<p data-start=\"348\" data-end=\"382\"><strong data-start=\"348\" data-end=\"372\">Ouverture principale<\/strong> : f\/1.7<\/p>\n<\/li>\n<li data-start=\"383\" data-end=\"419\">\n<p data-start=\"385\" data-end=\"419\"><strong data-start=\"385\" data-end=\"409\">Ouverture secondaire<\/strong> : f\/1.9<\/p>\n<\/li>\n<li data-start=\"420\" data-end=\"454\">\n<p data-start=\"422\" data-end=\"454\"><strong data-start=\"422\" data-end=\"443\">Taille photosites<\/strong> : 1,0 \u00b5m<\/p>\n<\/li>\n<\/ul>\n<hr data-start=\"456\" data-end=\"459\" \/>\n<h2 data-start=\"461\" data-end=\"472\">\ud83d\udd0a Audio<\/h2>\n<ul data-start=\"473\" data-end=\"527\">\n<li data-start=\"473\" data-end=\"503\">\n<p data-start=\"475\" data-end=\"503\"><strong data-start=\"475\" data-end=\"501\">2 haut-parleurs st\u00e9r\u00e9o<\/strong><\/p>\n<\/li>\n<li data-start=\"504\" data-end=\"527\">\n<p data-start=\"506\" data-end=\"527\">\u274c Pas de prise jack<\/p>\n<\/li>\n<\/ul>\n<hr data-start=\"529\" data-end=\"532\" \/>\n<h2 data-start=\"534\" data-end=\"557\">\ud83d\udd0b Batterie &amp; Charge<\/h2>\n<ul data-start=\"558\" data-end=\"675\">\n<li data-start=\"558\" data-end=\"593\">\n<p data-start=\"560\" data-end=\"593\"><strong data-start=\"560\" data-end=\"572\">Capacit\u00e9<\/strong> : 5000 mAh (Li-Po)<\/p>\n<\/li>\n<li data-start=\"594\" data-end=\"622\">\n<p data-start=\"596\" data-end=\"622\"><strong data-start=\"596\" data-end=\"613\">Charge rapide<\/strong> \u26a1 67 W<\/p>\n<\/li>\n<li data-start=\"623\" data-end=\"651\">\n<p data-start=\"625\" data-end=\"651\">\u274c Pas de charge sans fil<\/p>\n<\/li>\n<li data-start=\"652\" data-end=\"675\">\n<p data-start=\"654\" data-end=\"675\">\u274c Batterie amovible<\/p>\n<\/li>\n<\/ul>\n<hr data-start=\"677\" data-end=\"680\" \/>\n<h2 data-start=\"682\" data-end=\"696\">\ud83e\udded Capteurs<\/h2>\n<ul data-start=\"697\" data-end=\"842\">\n<li data-start=\"697\" data-end=\"735\">\n<p data-start=\"699\" data-end=\"735\">\ud83d\udd10 Empreinte digitale sous l\u2019\u00e9cran<\/p>\n<\/li>\n<li data-start=\"736\" data-end=\"767\">\n<p data-start=\"738\" data-end=\"767\">\ud83d\udce1 Acc\u00e9l\u00e9rom\u00e8tre &amp; Boussole<\/p>\n<\/li>\n<li data-start=\"768\" data-end=\"784\">\n<p data-start=\"770\" data-end=\"784\">\ud83d\udd04 Gyroscope<\/p>\n<\/li>\n<li data-start=\"785\" data-end=\"819\">\n<p data-start=\"787\" data-end=\"819\">\u2600\ufe0f Capteur de lumi\u00e8re ambiante<\/p>\n<\/li>\n<li data-start=\"820\" data-end=\"842\">\n<p data-start=\"822\" data-end=\"842\">\u274c Pas d\u2019infrarouge<\/p>\n<\/li>\n<\/ul>\n<hr data-start=\"844\" data-end=\"847\" \/>\n<h2 data-start=\"849\" data-end=\"867\">\ud83c\udf10 Connectivit\u00e9<\/h2>\n<ul data-start=\"868\" data-end=\"994\">\n<li data-start=\"868\" data-end=\"887\">\n<p data-start=\"870\" data-end=\"887\"><strong data-start=\"870\" data-end=\"882\">Wi-Fi 6E<\/strong> \ud83d\ude80<\/p>\n<\/li>\n<li data-start=\"888\" data-end=\"909\">\n<p data-start=\"890\" data-end=\"909\"><strong data-start=\"890\" data-end=\"907\">Bluetooth 5.4<\/strong><\/p>\n<\/li>\n<li data-start=\"910\" data-end=\"927\">\n<p data-start=\"912\" data-end=\"927\"><strong data-start=\"912\" data-end=\"919\">NFC<\/strong> : Oui<\/p>\n<\/li>\n<li data-start=\"928\" data-end=\"945\">\n<p data-start=\"930\" data-end=\"945\"><strong data-start=\"930\" data-end=\"937\">GPS<\/strong> : Oui<\/p>\n<\/li>\n<li data-start=\"946\" data-end=\"970\">\n<p data-start=\"948\" data-end=\"970\"><strong data-start=\"948\" data-end=\"962\">USB Type-C<\/strong> : Oui<\/p>\n<\/li>\n<li data-start=\"971\" data-end=\"994\">\n<p data-start=\"973\" data-end=\"994\">\u274c Pas de prise jack<\/p>\n<\/li>\n<\/ul>\n<hr data-start=\"996\" data-end=\"999\" \/>\n<h2 data-start=\"1001\" data-end=\"1019\">\u2699\ufe0f Performances<\/h2>\n<ul data-start=\"1020\" data-end=\"1146\">\n<li data-start=\"1020\" data-end=\"1106\">\n<p data-start=\"1022\" data-end=\"1106\"><strong data-start=\"1022\" data-end=\"1036\">Processeur<\/strong> : MediaTek Dimensity 8300-Ultra (Octa-core, 3.35 GHz, gravure 4 nm)<\/p>\n<\/li>\n<li data-start=\"1107\" data-end=\"1146\">\n<p data-start=\"1109\" data-end=\"1146\"><strong data-start=\"1109\" data-end=\"1128\">Carte graphique<\/strong> : Mali G615-MC6<\/p>\n<\/li>\n<\/ul>\n<hr data-start=\"1148\" data-end=\"1151\" \/>\n<h2 data-start=\"1153\" data-end=\"1177\">\ud83d\udccf Dimensions &amp; Poids<\/h2>\n<ul data-start=\"1178\" data-end=\"1263\">\n<li data-start=\"1178\" data-end=\"1199\">\n<p data-start=\"1180\" data-end=\"1199\"><strong data-start=\"1180\" data-end=\"1189\">Poids<\/strong> : 195 g<\/p>\n<\/li>\n<li data-start=\"1200\" data-end=\"1226\">\n<p data-start=\"1202\" data-end=\"1226\"><strong data-start=\"1202\" data-end=\"1215\">\u00c9paisseur<\/strong> : 7,8 mm<\/p>\n<\/li>\n<li data-start=\"1227\" data-end=\"1263\">\n<p data-start=\"1229\" data-end=\"1263\"><strong data-start=\"1229\" data-end=\"1243\">Dimensions<\/strong> : 160,5 x 75,1 mm<\/p>\n<\/li>\n<\/ul>\n<hr data-start=\"1265\" data-end=\"1268\" \/>\n<h2 data-start=\"1270\" data-end=\"1282\">\ud83d\udcf6 R\u00e9seau<\/h2>\n<ul data-start=\"1283\" data-end=\"1367\">\n<li data-start=\"1283\" data-end=\"1319\">\n<p data-start=\"1285\" data-end=\"1319\"><strong data-start=\"1285\" data-end=\"1299\">Double SIM<\/strong> : nano SIM + eSIM<\/p>\n<\/li>\n<li data-start=\"1320\" data-end=\"1347\">\n<p data-start=\"1322\" data-end=\"1347\"><strong data-start=\"1322\" data-end=\"1345\">4G \/ 5G compatibles<\/strong><\/p>\n<\/li>\n<li data-start=\"1348\" data-end=\"1367\">\n<p data-start=\"1350\" data-end=\"1367\"><strong data-start=\"1350\" data-end=\"1359\">VoLTE<\/strong> : Oui<\/p>\n<\/li>\n<\/ul>\n<hr data-start=\"1369\" data-end=\"1372\" \/>\n<h2 data-start=\"1374\" data-end=\"1388\">\ud83d\udcbe Stockage<\/h2>\n<ul data-start=\"1389\" data-end=\"1469\">\n<li data-start=\"1389\" data-end=\"1421\">\n<p data-start=\"1391\" data-end=\"1421\"><strong data-start=\"1391\" data-end=\"1410\">M\u00e9moire interne<\/strong> : 256 Go, 512 Go<\/p>\n<\/li>\n<li data-start=\"1422\" data-end=\"1439\">\n<p data-start=\"1424\" data-end=\"1439\"><strong data-start=\"1424\" data-end=\"1431\">OTG<\/strong> : Oui<\/p>\n<\/li>\n<li data-start=\"1440\" data-end=\"1469\">\n<p data-start=\"1442\" data-end=\"1469\">\u274c Pas d\u2019extension microSD<\/p>\n<\/li>\n<\/ul>\n<hr data-start=\"1471\" data-end=\"1474\" \/>\n<h2 data-start=\"1476\" data-end=\"1489\">\ud83d\udcf1 Syst\u00e8me<\/h2>\n<ul data-start=\"1490\" data-end=\"1578\">\n<li data-start=\"1490\" data-end=\"1513\">\n<p data-start=\"1492\" data-end=\"1513\"><strong data-start=\"1492\" data-end=\"1498\">OS<\/strong> : Android 14<\/p>\n<\/li>\n<li data-start=\"1514\" data-end=\"1541\">\n<p data-start=\"1516\" data-end=\"1541\"><strong data-start=\"1516\" data-end=\"1529\">Interface<\/strong> : HyperOS<\/p>\n<\/li>\n<li data-start=\"1542\" data-end=\"1578\">\n<p data-start=\"1544\" data-end=\"1578\"><strong data-start=\"1544\" data-end=\"1557\">Assistant<\/strong> : Google Assistant<\/p>\n<\/li>\n<\/ul>\n<hr data-start=\"1580\" data-end=\"1583\" \/>\n<h2 data-start=\"1585\" data-end=\"1596\">\ud83c\udf08 \u00c9cran<\/h2>\n<ul data-start=\"1597\" data-end=\"1716\">\n<li data-start=\"1597\" data-end=\"1627\">\n<p data-start=\"1599\" data-end=\"1627\"><strong data-start=\"1599\" data-end=\"1609\">Taille<\/strong> : 6,67\u2019\u2019 AMOLED<\/p>\n<\/li>\n<li data-start=\"1628\" data-end=\"1663\">\n<p data-start=\"1630\" data-end=\"1663\"><strong data-start=\"1630\" data-end=\"1644\">D\u00e9finition<\/strong> : 2712 x 1220 px<\/p>\n<\/li>\n<li data-start=\"1664\" data-end=\"1690\">\n<p data-start=\"1666\" data-end=\"1690\"><strong data-start=\"1666\" data-end=\"1679\">Fr\u00e9quence<\/strong> : 144 Hz<\/p>\n<\/li>\n<li data-start=\"1691\" data-end=\"1716\">\n<p data-start=\"1693\" data-end=\"1716\"><strong data-start=\"1693\" data-end=\"1704\">Densit\u00e9<\/strong> : 446 ppp<\/p>\n<\/li>\n<\/ul>\n<hr data-start=\"1718\" data-end=\"1721\" \/>\n<h2 data-start=\"1723\" data-end=\"1735\">\ud83d\udc8e Divers<\/h2>\n<ul data-start=\"1736\" data-end=\"1902\">\n<li data-start=\"1736\" data-end=\"1771\">\n<p data-start=\"1738\" data-end=\"1771\"><strong data-start=\"1738\" data-end=\"1756\">Date de sortie<\/strong> : 26\/09\/2024<\/p>\n<\/li>\n<li data-start=\"1772\" data-end=\"1796\">\n<p data-start=\"1774\" data-end=\"1796\"><strong data-start=\"1774\" data-end=\"1785\">Famille<\/strong> : Xiaomi<\/p>\n<\/li>\n<li data-start=\"1797\" data-end=\"1832\">\n<p data-start=\"1799\" data-end=\"1832\"><strong data-start=\"1799\" data-end=\"1811\">Couleurs<\/strong> : Noir, Bleu, Gris<\/p>\n<\/li>\n<li data-start=\"1833\" data-end=\"1861\">\n<p data-start=\"1835\" data-end=\"1861\"><strong data-start=\"1835\" data-end=\"1847\">Mat\u00e9riau<\/strong> : Plastique<\/p>\n<\/li>\n<li data-start=\"1862\" data-end=\"1902\">\n<p data-start=\"1864\" data-end=\"1902\"><strong data-start=\"1864\" data-end=\"1878\">\u00c9tanch\u00e9it\u00e9<\/strong> : Oui \u2013 Certifi\u00e9 IP68<\/p>\n<\/li>\n<\/ul>\n","protected":false},"excerpt":{"rendered":"<p>Le <strong data-start=\"822\" data-end=\"836\">Xiaomi 14T<\/strong> offre un parfait \u00e9quilibre entre design haut de gamme, performance et innovation. Avec son <strong data-start=\"928\" data-end=\"951\">\u00e9cran AMOLED 144 Hz<\/strong>, son <strong data-start=\"957\" data-end=\"994\">processeur Dimensity ultra-rapide<\/strong> et sa <strong data-start=\"1001\" data-end=\"1023\">cam\u00e9ra Leica 50 MP<\/strong>, il est con\u00e7u pour les passionn\u00e9s de technologie et de photographie.<\/p>\n","protected":false},"featured_media":11233,"comment_status":"open","ping_status":"closed","template":"","meta":[],"product_cat":[278,787,268],"product_tag":[3573,3568,3566,3571,3574,3572,3575,3569,3567,3570],"class_list":{"0":"post-11223","1":"product","2":"type-product","3":"status-publish","4":"has-post-thumbnail","6":"product_brand-xiaomi","7":"product_cat-smartphone-telephone-intelligent","8":"product_cat-telephone-5g","9":"product_cat-telephone-tablette","10":"product_tag-smartphone-leica-xiaomi","11":"product_tag-smartphone-xiaomi-2025","12":"product_tag-xiaomi-14t","13":"product_tag-xiaomi-14t-avis-utilisateurs","14":"product_tag-xiaomi-14t-charge-rapide-90w","15":"product_tag-xiaomi-14t-dimensity-8300-ultra","16":"product_tag-xiaomi-14t-dontmove-net","17":"product_tag-xiaomi-14t-fiche-technique","18":"product_tag-xiaomi-14t-prix-cote-divoire","19":"product_tag-xiaomi-14t-vs-xiaomi-14t-pro","21":"first","22":"instock","23":"shipping-taxable","24":"purchasable","25":"product-type-variable","26":"col-xs-6 col-sm-4","27":"col-md-3 col-lg-3","28":"un-4-cols"},"yoast_head":"<!-- This site is optimized with the Yoast SEO plugin v27.4 - https:\/\/yoast.com\/product\/yoast-seo-wordpress\/ -->\n<title>Xiaomi 14T 5G - Ecran AMOLED 6,67&#039;&#039; - 12 Go de RAM - Batterie 5000mah - DontMove MarketPlace<\/title>\n<meta name=\"description\" content=\"Achetez le Xiaomi 14T sur Don\u2019tMove.net : \u00e9cran AMOLED 6.67\u2019\u2019 144 Hz, processeur Dimensity 8300 Ultra, cam\u00e9ra Leica 50 MP, batterie 5000 mAh et charge 90W.\" \/>\n<meta name=\"robots\" content=\"index, follow, max-snippet:-1, max-image-preview:large, max-video-preview:-1\" \/>\n<link rel=\"canonical\" href=\"https:\/\/ci.dontmove.net\/fr\/produit\/xiaomi-14t-5g\/\" \/>\n<meta property=\"og:locale\" content=\"fr_FR\" \/>\n<meta property=\"og:type\" content=\"article\" \/>\n<meta property=\"og:title\" content=\"Xiaomi 14T 5G - Ecran AMOLED 6,67&#039;&#039; - 12 Go de RAM - Batterie 5000mah - DontMove MarketPlace\" \/>\n<meta property=\"og:description\" content=\"Achetez le Xiaomi 14T sur Don\u2019tMove.net : \u00e9cran AMOLED 6.67\u2019\u2019 144 Hz, processeur Dimensity 8300 Ultra, cam\u00e9ra Leica 50 MP, batterie 5000 mAh et charge 90W.\" \/>\n<meta property=\"og:url\" content=\"https:\/\/ci.dontmove.net\/fr\/produit\/xiaomi-14t-5g\/\" \/>\n<meta property=\"og:site_name\" content=\"DontMove MarketPlace\" \/>\n<meta property=\"article:publisher\" content=\"https:\/\/www.facebook.com\/fullit225\/\" \/>\n<meta property=\"article:modified_time\" content=\"2025-08-29T10:14:02+00:00\" \/>\n<meta property=\"og:image\" content=\"https:\/\/ci.dontmove.net\/wp-content\/uploads\/2025\/08\/xiaomi-14t-256-go-titan-bleu.jpg\" \/>\n\t<meta property=\"og:image:width\" content=\"1247\" \/>\n\t<meta property=\"og:image:height\" content=\"1500\" \/>\n\t<meta property=\"og:image:type\" content=\"image\/jpeg\" \/>\n<meta name=\"twitter:card\" content=\"summary_large_image\" \/>\n<meta name=\"twitter:label1\" content=\"Dur\u00e9e de lecture estim\u00e9e\" \/>\n\t<meta name=\"twitter:data1\" content=\"2 minutes\" \/>\n<script type=\"application\/ld+json\" class=\"yoast-schema-graph\">{\"@context\":\"https:\\\/\\\/schema.org\",\"@graph\":[{\"@type\":\"WebPage\",\"@id\":\"https:\\\/\\\/ci.dontmove.net\\\/fr\\\/produit\\\/xiaomi-14t-5g\\\/\",\"url\":\"https:\\\/\\\/ci.dontmove.net\\\/fr\\\/produit\\\/xiaomi-14t-5g\\\/\",\"name\":\"Xiaomi 14T 5G - Ecran AMOLED 6,67'' - 12 Go de RAM - Batterie 5000mah - DontMove MarketPlace\",\"isPartOf\":{\"@id\":\"https:\\\/\\\/ci.dontmove.net\\\/fr\\\/#website\"},\"primaryImageOfPage\":{\"@id\":\"https:\\\/\\\/ci.dontmove.net\\\/fr\\\/produit\\\/xiaomi-14t-5g\\\/#primaryimage\"},\"image\":{\"@id\":\"https:\\\/\\\/ci.dontmove.net\\\/fr\\\/produit\\\/xiaomi-14t-5g\\\/#primaryimage\"},\"thumbnailUrl\":\"https:\\\/\\\/ci.dontmove.net\\\/wp-content\\\/uploads\\\/2025\\\/08\\\/xiaomi-14t-256-go-titan-bleu.jpg\",\"datePublished\":\"2025-08-29T09:52:52+00:00\",\"dateModified\":\"2025-08-29T10:14:02+00:00\",\"description\":\"Achetez le Xiaomi 14T sur Don\u2019tMove.net : \u00e9cran AMOLED 6.67\u2019\u2019 144 Hz, processeur Dimensity 8300 Ultra, cam\u00e9ra Leica 50 MP, batterie 5000 mAh et charge 90W.\",\"breadcrumb\":{\"@id\":\"https:\\\/\\\/ci.dontmove.net\\\/fr\\\/produit\\\/xiaomi-14t-5g\\\/#breadcrumb\"},\"inLanguage\":\"fr-FR\",\"potentialAction\":[{\"@type\":\"ReadAction\",\"target\":[\"https:\\\/\\\/ci.dontmove.net\\\/fr\\\/produit\\\/xiaomi-14t-5g\\\/\"]}]},{\"@type\":\"ImageObject\",\"inLanguage\":\"fr-FR\",\"@id\":\"https:\\\/\\\/ci.dontmove.net\\\/fr\\\/produit\\\/xiaomi-14t-5g\\\/#primaryimage\",\"url\":\"https:\\\/\\\/ci.dontmove.net\\\/wp-content\\\/uploads\\\/2025\\\/08\\\/xiaomi-14t-256-go-titan-bleu.jpg\",\"contentUrl\":\"https:\\\/\\\/ci.dontmove.net\\\/wp-content\\\/uploads\\\/2025\\\/08\\\/xiaomi-14t-256-go-titan-bleu.jpg\",\"width\":1247,\"height\":1500},{\"@type\":\"BreadcrumbList\",\"@id\":\"https:\\\/\\\/ci.dontmove.net\\\/fr\\\/produit\\\/xiaomi-14t-5g\\\/#breadcrumb\",\"itemListElement\":[{\"@type\":\"ListItem\",\"position\":1,\"name\":\"Nos Boutiques\",\"item\":\"https:\\\/\\\/ci.dontmove.net\\\/fr\\\/nos-boutiques\\\/\"},{\"@type\":\"ListItem\",\"position\":2,\"name\":\"Xiaomi 14T 5G &#8211; Ecran AMOLED 6,67\u00a0\u00bb &#8211; 12 Go de RAM &#8211; Batterie 5000mah\"}]},{\"@type\":\"WebSite\",\"@id\":\"https:\\\/\\\/ci.dontmove.net\\\/fr\\\/#website\",\"url\":\"https:\\\/\\\/ci.dontmove.net\\\/fr\\\/\",\"name\":\"DontMove MarketPlace\",\"description\":\"Achat &amp; Vente en Ligne Partout en C\u00f4te d&#039;Ivoire\",\"publisher\":{\"@id\":\"https:\\\/\\\/ci.dontmove.net\\\/fr\\\/#organization\"},\"alternateName\":\"DM Market CI\",\"potentialAction\":[{\"@type\":\"SearchAction\",\"target\":{\"@type\":\"EntryPoint\",\"urlTemplate\":\"https:\\\/\\\/ci.dontmove.net\\\/fr\\\/?s={search_term_string}\"},\"query-input\":{\"@type\":\"PropertyValueSpecification\",\"valueRequired\":true,\"valueName\":\"search_term_string\"}}],\"inLanguage\":\"fr-FR\"},{\"@type\":\"Organization\",\"@id\":\"https:\\\/\\\/ci.dontmove.net\\\/fr\\\/#organization\",\"name\":\"Full Information Technologies\",\"alternateName\":\"Full IT\",\"url\":\"https:\\\/\\\/ci.dontmove.net\\\/fr\\\/\",\"logo\":{\"@type\":\"ImageObject\",\"inLanguage\":\"fr-FR\",\"@id\":\"https:\\\/\\\/ci.dontmove.net\\\/fr\\\/#\\\/schema\\\/logo\\\/image\\\/\",\"url\":\"https:\\\/\\\/ci.dontmove.net\\\/wp-content\\\/uploads\\\/2023\\\/11\\\/Logo_Full_IT.jpg\",\"contentUrl\":\"https:\\\/\\\/ci.dontmove.net\\\/wp-content\\\/uploads\\\/2023\\\/11\\\/Logo_Full_IT.jpg\",\"width\":512,\"height\":512,\"caption\":\"Full Information Technologies\"},\"image\":{\"@id\":\"https:\\\/\\\/ci.dontmove.net\\\/fr\\\/#\\\/schema\\\/logo\\\/image\\\/\"},\"sameAs\":[\"https:\\\/\\\/www.facebook.com\\\/fullit225\\\/\"]}]}<\/script>\n<!-- \/ Yoast SEO plugin. -->","yoast_head_json":{"title":"Xiaomi 14T 5G - Ecran AMOLED 6,67'' - 12 Go de RAM - Batterie 5000mah - DontMove MarketPlace","description":"Achetez le Xiaomi 14T sur Don\u2019tMove.net : \u00e9cran AMOLED 6.67\u2019\u2019 144 Hz, processeur Dimensity 8300 Ultra, cam\u00e9ra Leica 50 MP, batterie 5000 mAh et charge 90W.","robots":{"index":"index","follow":"follow","max-snippet":"max-snippet:-1","max-image-preview":"max-image-preview:large","max-video-preview":"max-video-preview:-1"},"canonical":"https:\/\/ci.dontmove.net\/fr\/produit\/xiaomi-14t-5g\/","og_locale":"fr_FR","og_type":"article","og_title":"Xiaomi 14T 5G - Ecran AMOLED 6,67'' - 12 Go de RAM - Batterie 5000mah - DontMove MarketPlace","og_description":"Achetez le Xiaomi 14T sur Don\u2019tMove.net : \u00e9cran AMOLED 6.67\u2019\u2019 144 Hz, processeur Dimensity 8300 Ultra, cam\u00e9ra Leica 50 MP, batterie 5000 mAh et charge 90W.","og_url":"https:\/\/ci.dontmove.net\/fr\/produit\/xiaomi-14t-5g\/","og_site_name":"DontMove MarketPlace","article_publisher":"https:\/\/www.facebook.com\/fullit225\/","article_modified_time":"2025-08-29T10:14:02+00:00","og_image":[{"width":1247,"height":1500,"url":"https:\/\/ci.dontmove.net\/wp-content\/uploads\/2025\/08\/xiaomi-14t-256-go-titan-bleu.jpg","type":"image\/jpeg"}],"twitter_card":"summary_large_image","twitter_misc":{"Dur\u00e9e de lecture estim\u00e9e":"2 minutes"},"schema":{"@context":"https:\/\/schema.org","@graph":[{"@type":"WebPage","@id":"https:\/\/ci.dontmove.net\/fr\/produit\/xiaomi-14t-5g\/","url":"https:\/\/ci.dontmove.net\/fr\/produit\/xiaomi-14t-5g\/","name":"Xiaomi 14T 5G - Ecran AMOLED 6,67'' - 12 Go de RAM - Batterie 5000mah - DontMove MarketPlace","isPartOf":{"@id":"https:\/\/ci.dontmove.net\/fr\/#website"},"primaryImageOfPage":{"@id":"https:\/\/ci.dontmove.net\/fr\/produit\/xiaomi-14t-5g\/#primaryimage"},"image":{"@id":"https:\/\/ci.dontmove.net\/fr\/produit\/xiaomi-14t-5g\/#primaryimage"},"thumbnailUrl":"https:\/\/ci.dontmove.net\/wp-content\/uploads\/2025\/08\/xiaomi-14t-256-go-titan-bleu.jpg","datePublished":"2025-08-29T09:52:52+00:00","dateModified":"2025-08-29T10:14:02+00:00","description":"Achetez le Xiaomi 14T sur Don\u2019tMove.net : \u00e9cran AMOLED 6.67\u2019\u2019 144 Hz, processeur Dimensity 8300 Ultra, cam\u00e9ra Leica 50 MP, batterie 5000 mAh et charge 90W.","breadcrumb":{"@id":"https:\/\/ci.dontmove.net\/fr\/produit\/xiaomi-14t-5g\/#breadcrumb"},"inLanguage":"fr-FR","potentialAction":[{"@type":"ReadAction","target":["https:\/\/ci.dontmove.net\/fr\/produit\/xiaomi-14t-5g\/"]}]},{"@type":"ImageObject","inLanguage":"fr-FR","@id":"https:\/\/ci.dontmove.net\/fr\/produit\/xiaomi-14t-5g\/#primaryimage","url":"https:\/\/ci.dontmove.net\/wp-content\/uploads\/2025\/08\/xiaomi-14t-256-go-titan-bleu.jpg","contentUrl":"https:\/\/ci.dontmove.net\/wp-content\/uploads\/2025\/08\/xiaomi-14t-256-go-titan-bleu.jpg","width":1247,"height":1500},{"@type":"BreadcrumbList","@id":"https:\/\/ci.dontmove.net\/fr\/produit\/xiaomi-14t-5g\/#breadcrumb","itemListElement":[{"@type":"ListItem","position":1,"name":"Nos Boutiques","item":"https:\/\/ci.dontmove.net\/fr\/nos-boutiques\/"},{"@type":"ListItem","position":2,"name":"Xiaomi 14T 5G &#8211; Ecran AMOLED 6,67\u00a0\u00bb &#8211; 12 Go de RAM &#8211; Batterie 5000mah"}]},{"@type":"WebSite","@id":"https:\/\/ci.dontmove.net\/fr\/#website","url":"https:\/\/ci.dontmove.net\/fr\/","name":"DontMove MarketPlace","description":"Achat &amp; Vente en Ligne Partout en C\u00f4te d&#039;Ivoire","publisher":{"@id":"https:\/\/ci.dontmove.net\/fr\/#organization"},"alternateName":"DM Market CI","potentialAction":[{"@type":"SearchAction","target":{"@type":"EntryPoint","urlTemplate":"https:\/\/ci.dontmove.net\/fr\/?s={search_term_string}"},"query-input":{"@type":"PropertyValueSpecification","valueRequired":true,"valueName":"search_term_string"}}],"inLanguage":"fr-FR"},{"@type":"Organization","@id":"https:\/\/ci.dontmove.net\/fr\/#organization","name":"Full Information Technologies","alternateName":"Full IT","url":"https:\/\/ci.dontmove.net\/fr\/","logo":{"@type":"ImageObject","inLanguage":"fr-FR","@id":"https:\/\/ci.dontmove.net\/fr\/#\/schema\/logo\/image\/","url":"https:\/\/ci.dontmove.net\/wp-content\/uploads\/2023\/11\/Logo_Full_IT.jpg","contentUrl":"https:\/\/ci.dontmove.net\/wp-content\/uploads\/2023\/11\/Logo_Full_IT.jpg","width":512,"height":512,"caption":"Full Information Technologies"},"image":{"@id":"https:\/\/ci.dontmove.net\/fr\/#\/schema\/logo\/image\/"},"sameAs":["https:\/\/www.facebook.com\/fullit225\/"]}]}},"_links":{"self":[{"href":"https:\/\/ci.dontmove.net\/fr\/wp-json\/wp\/v2\/product\/11223","targetHints":{"allow":["GET"]}}],"collection":[{"href":"https:\/\/ci.dontmove.net\/fr\/wp-json\/wp\/v2\/product"}],"about":[{"href":"https:\/\/ci.dontmove.net\/fr\/wp-json\/wp\/v2\/types\/product"}],"replies":[{"embeddable":true,"href":"https:\/\/ci.dontmove.net\/fr\/wp-json\/wp\/v2\/comments?post=11223"}],"wp:featuredmedia":[{"embeddable":true,"href":"https:\/\/ci.dontmove.net\/fr\/wp-json\/wp\/v2\/media\/11233"}],"wp:attachment":[{"href":"https:\/\/ci.dontmove.net\/fr\/wp-json\/wp\/v2\/media?parent=11223"}],"wp:term":[{"taxonomy":"product_cat","embeddable":true,"href":"https:\/\/ci.dontmove.net\/fr\/wp-json\/wp\/v2\/product_cat?post=11223"},{"taxonomy":"product_tag","embeddable":true,"href":"https:\/\/ci.dontmove.net\/fr\/wp-json\/wp\/v2\/product_tag?post=11223"}],"curies":[{"name":"wp","href":"https:\/\/api.w.org\/{rel}","templated":true}]}}