{"id":11069,"date":"2025-08-18T10:01:21","date_gmt":"2025-08-18T10:01:21","guid":{"rendered":"https:\/\/ci.dontmove.net\/?post_type=product&#038;p=11069"},"modified":"2025-11-07T16:35:56","modified_gmt":"2025-11-07T16:35:56","slug":"hp-ordinateurs-de-bureau-21-4-256-go-ssd-intel-uhd-graphics-ddr5","status":"publish","type":"product","link":"https:\/\/ci.dontmove.net\/fr\/produit\/hp-ordinateurs-de-bureau-21-4-256-go-ssd-intel-uhd-graphics-ddr5\/","title":{"rendered":"HP Ordinateurs de bureau 21.4&Prime; 256 Go SSD Intel UHD Graphics DDR5"},"content":{"rendered":"<p>D\u00e9couvrez l\u2019ordinateur de bureau HP avec \u00e9cran 21.4&Prime;. \u00c9quip\u00e9 d\u2019un processeur Intel\u00ae, de 8 Go de m\u00e9moire DDR5, d\u2019un stockage SSD de 256 Go et d\u2019une carte graphique int\u00e9gr\u00e9e Intel UHD Graphics, il est id\u00e9al pour vos t\u00e2ches quotidiennes, vos travaux bureautiques et vos divertissements multim\u00e9dias. Gr\u00e2ce \u00e0 son design moderne et compact, il s\u2019int\u00e8gre parfaitement dans tout espace de travail ou \u00e0 la maison.<\/p>\n","protected":false},"excerpt":{"rendered":"<p>Profitez de la puissance et de la fluidit\u00e9 avec l\u2019ordinateur HP 21.4&Prime;, \u00e9quip\u00e9 d\u2019un SSD 256 Go et d\u2019une m\u00e9moire DDR5 rapide.<\/p>\n","protected":false},"featured_media":11070,"comment_status":"open","ping_status":"closed","template":"","meta":[],"product_cat":[254,991,255],"product_tag":[3462,3466,3461,3410,3464,3467,3459,3460,3465,3463],"class_list":{"0":"post-11069","1":"product","2":"type-product","3":"status-publish","4":"has-post-thumbnail","6":"product_brand-hp","7":"product_cat-ordinateur-technologie","8":"product_cat-ordinateur-bureau-tout-en-un","9":"product_cat-ordinateur-de-bureau","10":"product_tag-hp-ddr5-ordinateur","11":"product_tag-hp-desktop-etudiant","12":"product_tag-hp-desktop-ssd-256-go","13":"product_tag-hp-intel-uhd-graphics","14":"product_tag-hp-ordinateur-compact","15":"product_tag-hp-ordinateur-travail-maison","16":"product_tag-ordinateur-de-bureau-hp","17":"product_tag-pc-bureau-21-4-pouces","18":"product_tag-pc-bureau-performant-hp","19":"product_tag-pc-hp-pour-bureautique","21":"first","22":"outofstock","23":"shipping-taxable","24":"purchasable","25":"product-type-simple","26":"col-xs-6 col-sm-4","27":"col-md-3 col-lg-3","28":"un-4-cols"},"yoast_head":"<!-- This site is optimized with the Yoast SEO plugin v27.4 - https:\/\/yoast.com\/product\/yoast-seo-wordpress\/ -->\n<title>HP Ordinateurs de bureau 21.4&quot; 256 Go SSD Intel UHD Graphics DDR5 - DontMove MarketPlace<\/title>\n<meta name=\"description\" content=\"Ordinateur de bureau HP avec \u00e9cran 21.4&quot;, SSD 256 Go, RAM DDR5 et Intel UHD Graphics.avec SSD 256 Go, m\u00e9moire DDR5 et Intel UHD Graphics.\" \/>\n<meta name=\"robots\" content=\"index, follow, max-snippet:-1, max-image-preview:large, max-video-preview:-1\" \/>\n<link rel=\"canonical\" href=\"https:\/\/ci.dontmove.net\/fr\/produit\/hp-ordinateurs-de-bureau-21-4-256-go-ssd-intel-uhd-graphics-ddr5\/\" \/>\n<meta property=\"og:locale\" content=\"fr_FR\" \/>\n<meta property=\"og:type\" content=\"article\" \/>\n<meta property=\"og:title\" content=\"HP Ordinateurs de bureau 21.4&quot; 256 Go SSD Intel UHD Graphics DDR5 - DontMove MarketPlace\" \/>\n<meta property=\"og:description\" content=\"Ordinateur de bureau HP avec \u00e9cran 21.4&quot;, SSD 256 Go, RAM DDR5 et Intel UHD Graphics.avec SSD 256 Go, m\u00e9moire DDR5 et Intel UHD Graphics.\" \/>\n<meta property=\"og:url\" content=\"https:\/\/ci.dontmove.net\/fr\/produit\/hp-ordinateurs-de-bureau-21-4-256-go-ssd-intel-uhd-graphics-ddr5\/\" \/>\n<meta property=\"og:site_name\" content=\"DontMove MarketPlace\" \/>\n<meta property=\"article:publisher\" content=\"https:\/\/www.facebook.com\/fullit225\/\" \/>\n<meta property=\"article:modified_time\" content=\"2025-11-07T16:35:56+00:00\" \/>\n<meta property=\"og:image\" content=\"https:\/\/ci.dontmove.net\/wp-content\/uploads\/2025\/08\/pc-de-bureau-all-in-one-hp-24-cr0000nk-i7-13e-gen-16go-512go-ssd-blanc.jpg\" \/>\n\t<meta property=\"og:image:width\" content=\"800\" \/>\n\t<meta property=\"og:image:height\" content=\"800\" \/>\n\t<meta property=\"og:image:type\" content=\"image\/jpeg\" \/>\n<meta name=\"twitter:card\" content=\"summary_large_image\" \/>\n<meta name=\"twitter:label1\" content=\"Dur\u00e9e de lecture estim\u00e9e\" \/>\n\t<meta name=\"twitter:data1\" content=\"1 minute\" \/>\n<script type=\"application\/ld+json\" class=\"yoast-schema-graph\">{\"@context\":\"https:\\\/\\\/schema.org\",\"@graph\":[{\"@type\":\"WebPage\",\"@id\":\"https:\\\/\\\/ci.dontmove.net\\\/fr\\\/produit\\\/hp-ordinateurs-de-bureau-21-4-256-go-ssd-intel-uhd-graphics-ddr5\\\/\",\"url\":\"https:\\\/\\\/ci.dontmove.net\\\/fr\\\/produit\\\/hp-ordinateurs-de-bureau-21-4-256-go-ssd-intel-uhd-graphics-ddr5\\\/\",\"name\":\"HP Ordinateurs de bureau 21.4\\\" 256 Go SSD Intel UHD Graphics DDR5 - DontMove MarketPlace\",\"isPartOf\":{\"@id\":\"https:\\\/\\\/ci.dontmove.net\\\/fr\\\/#website\"},\"primaryImageOfPage\":{\"@id\":\"https:\\\/\\\/ci.dontmove.net\\\/fr\\\/produit\\\/hp-ordinateurs-de-bureau-21-4-256-go-ssd-intel-uhd-graphics-ddr5\\\/#primaryimage\"},\"image\":{\"@id\":\"https:\\\/\\\/ci.dontmove.net\\\/fr\\\/produit\\\/hp-ordinateurs-de-bureau-21-4-256-go-ssd-intel-uhd-graphics-ddr5\\\/#primaryimage\"},\"thumbnailUrl\":\"https:\\\/\\\/ci.dontmove.net\\\/wp-content\\\/uploads\\\/2025\\\/08\\\/pc-de-bureau-all-in-one-hp-24-cr0000nk-i7-13e-gen-16go-512go-ssd-blanc.jpg\",\"datePublished\":\"2025-08-18T10:01:21+00:00\",\"dateModified\":\"2025-11-07T16:35:56+00:00\",\"description\":\"Ordinateur de bureau HP avec \u00e9cran 21.4\\\", SSD 256 Go, RAM DDR5 et Intel UHD Graphics.avec SSD 256 Go, m\u00e9moire DDR5 et Intel UHD Graphics.\",\"breadcrumb\":{\"@id\":\"https:\\\/\\\/ci.dontmove.net\\\/fr\\\/produit\\\/hp-ordinateurs-de-bureau-21-4-256-go-ssd-intel-uhd-graphics-ddr5\\\/#breadcrumb\"},\"inLanguage\":\"fr-FR\",\"potentialAction\":[{\"@type\":\"ReadAction\",\"target\":[\"https:\\\/\\\/ci.dontmove.net\\\/fr\\\/produit\\\/hp-ordinateurs-de-bureau-21-4-256-go-ssd-intel-uhd-graphics-ddr5\\\/\"]}]},{\"@type\":\"ImageObject\",\"inLanguage\":\"fr-FR\",\"@id\":\"https:\\\/\\\/ci.dontmove.net\\\/fr\\\/produit\\\/hp-ordinateurs-de-bureau-21-4-256-go-ssd-intel-uhd-graphics-ddr5\\\/#primaryimage\",\"url\":\"https:\\\/\\\/ci.dontmove.net\\\/wp-content\\\/uploads\\\/2025\\\/08\\\/pc-de-bureau-all-in-one-hp-24-cr0000nk-i7-13e-gen-16go-512go-ssd-blanc.jpg\",\"contentUrl\":\"https:\\\/\\\/ci.dontmove.net\\\/wp-content\\\/uploads\\\/2025\\\/08\\\/pc-de-bureau-all-in-one-hp-24-cr0000nk-i7-13e-gen-16go-512go-ssd-blanc.jpg\",\"width\":800,\"height\":800},{\"@type\":\"BreadcrumbList\",\"@id\":\"https:\\\/\\\/ci.dontmove.net\\\/fr\\\/produit\\\/hp-ordinateurs-de-bureau-21-4-256-go-ssd-intel-uhd-graphics-ddr5\\\/#breadcrumb\",\"itemListElement\":[{\"@type\":\"ListItem\",\"position\":1,\"name\":\"Nos Boutiques\",\"item\":\"https:\\\/\\\/ci.dontmove.net\\\/fr\\\/nos-boutiques\\\/\"},{\"@type\":\"ListItem\",\"position\":2,\"name\":\"HP Ordinateurs de bureau 21.4&Prime; 256 Go SSD Intel UHD Graphics DDR5\"}]},{\"@type\":\"WebSite\",\"@id\":\"https:\\\/\\\/ci.dontmove.net\\\/fr\\\/#website\",\"url\":\"https:\\\/\\\/ci.dontmove.net\\\/fr\\\/\",\"name\":\"DontMove MarketPlace\",\"description\":\"Achat &amp; Vente en Ligne Partout en C\u00f4te d&#039;Ivoire\",\"publisher\":{\"@id\":\"https:\\\/\\\/ci.dontmove.net\\\/fr\\\/#organization\"},\"alternateName\":\"DM Market CI\",\"potentialAction\":[{\"@type\":\"SearchAction\",\"target\":{\"@type\":\"EntryPoint\",\"urlTemplate\":\"https:\\\/\\\/ci.dontmove.net\\\/fr\\\/?s={search_term_string}\"},\"query-input\":{\"@type\":\"PropertyValueSpecification\",\"valueRequired\":true,\"valueName\":\"search_term_string\"}}],\"inLanguage\":\"fr-FR\"},{\"@type\":\"Organization\",\"@id\":\"https:\\\/\\\/ci.dontmove.net\\\/fr\\\/#organization\",\"name\":\"Full Information Technologies\",\"alternateName\":\"Full IT\",\"url\":\"https:\\\/\\\/ci.dontmove.net\\\/fr\\\/\",\"logo\":{\"@type\":\"ImageObject\",\"inLanguage\":\"fr-FR\",\"@id\":\"https:\\\/\\\/ci.dontmove.net\\\/fr\\\/#\\\/schema\\\/logo\\\/image\\\/\",\"url\":\"https:\\\/\\\/ci.dontmove.net\\\/wp-content\\\/uploads\\\/2023\\\/11\\\/Logo_Full_IT.jpg\",\"contentUrl\":\"https:\\\/\\\/ci.dontmove.net\\\/wp-content\\\/uploads\\\/2023\\\/11\\\/Logo_Full_IT.jpg\",\"width\":512,\"height\":512,\"caption\":\"Full Information Technologies\"},\"image\":{\"@id\":\"https:\\\/\\\/ci.dontmove.net\\\/fr\\\/#\\\/schema\\\/logo\\\/image\\\/\"},\"sameAs\":[\"https:\\\/\\\/www.facebook.com\\\/fullit225\\\/\"]}]}<\/script>\n<!-- \/ Yoast SEO plugin. -->","yoast_head_json":{"title":"HP Ordinateurs de bureau 21.4\" 256 Go SSD Intel UHD Graphics DDR5 - DontMove MarketPlace","description":"Ordinateur de bureau HP avec \u00e9cran 21.4\", SSD 256 Go, RAM DDR5 et Intel UHD Graphics.avec SSD 256 Go, m\u00e9moire DDR5 et Intel UHD Graphics.","robots":{"index":"index","follow":"follow","max-snippet":"max-snippet:-1","max-image-preview":"max-image-preview:large","max-video-preview":"max-video-preview:-1"},"canonical":"https:\/\/ci.dontmove.net\/fr\/produit\/hp-ordinateurs-de-bureau-21-4-256-go-ssd-intel-uhd-graphics-ddr5\/","og_locale":"fr_FR","og_type":"article","og_title":"HP Ordinateurs de bureau 21.4\" 256 Go SSD Intel UHD Graphics DDR5 - DontMove MarketPlace","og_description":"Ordinateur de bureau HP avec \u00e9cran 21.4\", SSD 256 Go, RAM DDR5 et Intel UHD Graphics.avec SSD 256 Go, m\u00e9moire DDR5 et Intel UHD Graphics.","og_url":"https:\/\/ci.dontmove.net\/fr\/produit\/hp-ordinateurs-de-bureau-21-4-256-go-ssd-intel-uhd-graphics-ddr5\/","og_site_name":"DontMove MarketPlace","article_publisher":"https:\/\/www.facebook.com\/fullit225\/","article_modified_time":"2025-11-07T16:35:56+00:00","og_image":[{"width":800,"height":800,"url":"https:\/\/ci.dontmove.net\/wp-content\/uploads\/2025\/08\/pc-de-bureau-all-in-one-hp-24-cr0000nk-i7-13e-gen-16go-512go-ssd-blanc.jpg","type":"image\/jpeg"}],"twitter_card":"summary_large_image","twitter_misc":{"Dur\u00e9e de lecture estim\u00e9e":"1 minute"},"schema":{"@context":"https:\/\/schema.org","@graph":[{"@type":"WebPage","@id":"https:\/\/ci.dontmove.net\/fr\/produit\/hp-ordinateurs-de-bureau-21-4-256-go-ssd-intel-uhd-graphics-ddr5\/","url":"https:\/\/ci.dontmove.net\/fr\/produit\/hp-ordinateurs-de-bureau-21-4-256-go-ssd-intel-uhd-graphics-ddr5\/","name":"HP Ordinateurs de bureau 21.4\" 256 Go SSD Intel UHD Graphics DDR5 - DontMove MarketPlace","isPartOf":{"@id":"https:\/\/ci.dontmove.net\/fr\/#website"},"primaryImageOfPage":{"@id":"https:\/\/ci.dontmove.net\/fr\/produit\/hp-ordinateurs-de-bureau-21-4-256-go-ssd-intel-uhd-graphics-ddr5\/#primaryimage"},"image":{"@id":"https:\/\/ci.dontmove.net\/fr\/produit\/hp-ordinateurs-de-bureau-21-4-256-go-ssd-intel-uhd-graphics-ddr5\/#primaryimage"},"thumbnailUrl":"https:\/\/ci.dontmove.net\/wp-content\/uploads\/2025\/08\/pc-de-bureau-all-in-one-hp-24-cr0000nk-i7-13e-gen-16go-512go-ssd-blanc.jpg","datePublished":"2025-08-18T10:01:21+00:00","dateModified":"2025-11-07T16:35:56+00:00","description":"Ordinateur de bureau HP avec \u00e9cran 21.4\", SSD 256 Go, RAM DDR5 et Intel UHD Graphics.avec SSD 256 Go, m\u00e9moire DDR5 et Intel UHD Graphics.","breadcrumb":{"@id":"https:\/\/ci.dontmove.net\/fr\/produit\/hp-ordinateurs-de-bureau-21-4-256-go-ssd-intel-uhd-graphics-ddr5\/#breadcrumb"},"inLanguage":"fr-FR","potentialAction":[{"@type":"ReadAction","target":["https:\/\/ci.dontmove.net\/fr\/produit\/hp-ordinateurs-de-bureau-21-4-256-go-ssd-intel-uhd-graphics-ddr5\/"]}]},{"@type":"ImageObject","inLanguage":"fr-FR","@id":"https:\/\/ci.dontmove.net\/fr\/produit\/hp-ordinateurs-de-bureau-21-4-256-go-ssd-intel-uhd-graphics-ddr5\/#primaryimage","url":"https:\/\/ci.dontmove.net\/wp-content\/uploads\/2025\/08\/pc-de-bureau-all-in-one-hp-24-cr0000nk-i7-13e-gen-16go-512go-ssd-blanc.jpg","contentUrl":"https:\/\/ci.dontmove.net\/wp-content\/uploads\/2025\/08\/pc-de-bureau-all-in-one-hp-24-cr0000nk-i7-13e-gen-16go-512go-ssd-blanc.jpg","width":800,"height":800},{"@type":"BreadcrumbList","@id":"https:\/\/ci.dontmove.net\/fr\/produit\/hp-ordinateurs-de-bureau-21-4-256-go-ssd-intel-uhd-graphics-ddr5\/#breadcrumb","itemListElement":[{"@type":"ListItem","position":1,"name":"Nos Boutiques","item":"https:\/\/ci.dontmove.net\/fr\/nos-boutiques\/"},{"@type":"ListItem","position":2,"name":"HP Ordinateurs de bureau 21.4&Prime; 256 Go SSD Intel UHD Graphics DDR5"}]},{"@type":"WebSite","@id":"https:\/\/ci.dontmove.net\/fr\/#website","url":"https:\/\/ci.dontmove.net\/fr\/","name":"DontMove MarketPlace","description":"Achat &amp; Vente en Ligne Partout en C\u00f4te d&#039;Ivoire","publisher":{"@id":"https:\/\/ci.dontmove.net\/fr\/#organization"},"alternateName":"DM Market CI","potentialAction":[{"@type":"SearchAction","target":{"@type":"EntryPoint","urlTemplate":"https:\/\/ci.dontmove.net\/fr\/?s={search_term_string}"},"query-input":{"@type":"PropertyValueSpecification","valueRequired":true,"valueName":"search_term_string"}}],"inLanguage":"fr-FR"},{"@type":"Organization","@id":"https:\/\/ci.dontmove.net\/fr\/#organization","name":"Full Information Technologies","alternateName":"Full IT","url":"https:\/\/ci.dontmove.net\/fr\/","logo":{"@type":"ImageObject","inLanguage":"fr-FR","@id":"https:\/\/ci.dontmove.net\/fr\/#\/schema\/logo\/image\/","url":"https:\/\/ci.dontmove.net\/wp-content\/uploads\/2023\/11\/Logo_Full_IT.jpg","contentUrl":"https:\/\/ci.dontmove.net\/wp-content\/uploads\/2023\/11\/Logo_Full_IT.jpg","width":512,"height":512,"caption":"Full Information Technologies"},"image":{"@id":"https:\/\/ci.dontmove.net\/fr\/#\/schema\/logo\/image\/"},"sameAs":["https:\/\/www.facebook.com\/fullit225\/"]}]}},"_links":{"self":[{"href":"https:\/\/ci.dontmove.net\/fr\/wp-json\/wp\/v2\/product\/11069","targetHints":{"allow":["GET"]}}],"collection":[{"href":"https:\/\/ci.dontmove.net\/fr\/wp-json\/wp\/v2\/product"}],"about":[{"href":"https:\/\/ci.dontmove.net\/fr\/wp-json\/wp\/v2\/types\/product"}],"replies":[{"embeddable":true,"href":"https:\/\/ci.dontmove.net\/fr\/wp-json\/wp\/v2\/comments?post=11069"}],"wp:featuredmedia":[{"embeddable":true,"href":"https:\/\/ci.dontmove.net\/fr\/wp-json\/wp\/v2\/media\/11070"}],"wp:attachment":[{"href":"https:\/\/ci.dontmove.net\/fr\/wp-json\/wp\/v2\/media?parent=11069"}],"wp:term":[{"taxonomy":"product_cat","embeddable":true,"href":"https:\/\/ci.dontmove.net\/fr\/wp-json\/wp\/v2\/product_cat?post=11069"},{"taxonomy":"product_tag","embeddable":true,"href":"https:\/\/ci.dontmove.net\/fr\/wp-json\/wp\/v2\/product_tag?post=11069"}],"curies":[{"name":"wp","href":"https:\/\/api.w.org\/{rel}","templated":true}]}}